{"id":66,"date":"2023-11-21T20:25:27","date_gmt":"2023-11-21T19:25:27","guid":{"rendered":"https:\/?page_id=66"},"modified":"2025-06-26T15:46:50","modified_gmt":"2025-06-26T13:46:50","slug":"contact-2","status":"publish","type":"page","link":"https:\/\/poussieredecomete.fr\/?page_id=66","title":{"rendered":"Contact"},"content":{"rendered":"\n<h2 class=\"wp-block-heading\">Vous souhaitez r\u00e9server un atelier ? Nous poser des questions ?<\/h2>\n\n\n\n<p>Contactez-nous via le formulaire ci-dessous, par mail ou t\u00e9l\u00e9phone.<\/p>\n\n\n<div class=\"wpforms-container wpforms-container-full wpforms-block wpforms-block-4fa9db65-a165-4e7c-a1f0-50c354b6c45a wpforms-render-modern\" id=\"wpforms-384\"><form id=\"wpforms-form-384\" class=\"wpforms-validate wpforms-form wpforms-ajax-form\" data-formid=\"384\" method=\"post\" enctype=\"multipart\/form-data\" action=\"\/index.php?rest_route=%2Fwp%2Fv2%2Fpages%2F66\" data-token=\"0e811cf13dc76af98f7f064542036c26\" data-token-time=\"1776566395\"><noscript class=\"wpforms-error-noscript\">Veuillez activer JavaScript dans votre navigateur pour remplir ce formulaire.<\/noscript><div id=\"wpforms-error-noscript\" style=\"display: none;\">Veuillez activer JavaScript dans votre navigateur pour remplir ce formulaire.<\/div><div class=\"wpforms-field-container\"><div id=\"wpforms-384-field_1-container\" class=\"wpforms-field wpforms-field-name\" data-field-id=\"1\"><fieldset><legend class=\"wpforms-field-label\">Nom <span class=\"wpforms-required-label\" aria-hidden=\"true\">*<\/span><\/legend><div class=\"wpforms-field-row wpforms-field-medium\"><div class=\"wpforms-field-row-block wpforms-first wpforms-one-half\"><input type=\"text\" id=\"wpforms-384-field_1\" class=\"wpforms-field-name-first wpforms-field-required\" name=\"wpforms[fields][1][first]\" aria-errormessage=\"wpforms-384-field_1-error\" required><label for=\"wpforms-384-field_1\" class=\"wpforms-field-sublabel after\">Pr\u00e9nom<\/label><\/div><div class=\"wpforms-field-row-block wpforms-one-half\"><input type=\"text\" id=\"wpforms-384-field_1-last\" class=\"wpforms-field-name-last wpforms-field-required\" name=\"wpforms[fields][1][last]\" aria-errormessage=\"wpforms-384-field_1-last-error\" required><label for=\"wpforms-384-field_1-last\" class=\"wpforms-field-sublabel after\">Nom<\/label><\/div><\/div><\/fieldset><\/div><div id=\"wpforms-384-field_2-container\" class=\"wpforms-field wpforms-field-email\" data-field-id=\"2\"><label class=\"wpforms-field-label\" for=\"wpforms-384-field_2\">Email <span class=\"wpforms-required-label\" aria-hidden=\"true\">*<\/span><\/label><input type=\"email\" id=\"wpforms-384-field_2\" class=\"wpforms-field-medium wpforms-field-required\" name=\"wpforms[fields][2]\" spellcheck=\"false\" aria-errormessage=\"wpforms-384-field_2-error\" required><\/div><div id=\"wpforms-384-field_6-container\" class=\"wpforms-field wpforms-field-text\" data-field-id=\"6\"><label class=\"wpforms-field-label\" for=\"wpforms-384-field_6\">Num\u00e9ro de t\u00e9l\u00e9phone<\/label><input type=\"text\" id=\"wpforms-384-field_6\" class=\"wpforms-field-medium\" name=\"wpforms[fields][6]\" aria-errormessage=\"wpforms-384-field_6-error\" ><\/div><div id=\"wpforms-384-field_4-container\" class=\"wpforms-field wpforms-field-text\" data-field-id=\"4\"><label class=\"wpforms-field-label\" for=\"wpforms-384-field_4\">Objet <span class=\"wpforms-required-label\" aria-hidden=\"true\">*<\/span><\/label><input type=\"text\" id=\"wpforms-384-field_4\" class=\"wpforms-field-medium wpforms-field-required\" name=\"wpforms[fields][4]\" aria-errormessage=\"wpforms-384-field_4-error\" required><\/div>\t\t<div id=\"wpforms-384-field_5-container\"\n\t\t\tclass=\"wpforms-field wpforms-field-text\"\n\t\t\tdata-field-type=\"text\"\n\t\t\tdata-field-id=\"5\"\n\t\t\t>\n\t\t\t<label class=\"wpforms-field-label\" for=\"wpforms-384-field_5\" >Objet de Nom<\/label>\n\t\t\t<input type=\"text\" id=\"wpforms-384-field_5\" class=\"wpforms-field-medium\" name=\"wpforms[fields][5]\" >\n\t\t<\/div>\n\t\t<div id=\"wpforms-384-field_3-container\" class=\"wpforms-field wpforms-field-textarea\" data-field-id=\"3\"><label class=\"wpforms-field-label\" for=\"wpforms-384-field_3\">Message <span class=\"wpforms-required-label\" aria-hidden=\"true\">*<\/span><\/label><textarea id=\"wpforms-384-field_3\" class=\"wpforms-field-medium wpforms-field-required\" name=\"wpforms[fields][3]\" aria-errormessage=\"wpforms-384-field_3-error\" required><\/textarea><\/div><script>\n\t\t\t\t( function() {\n\t\t\t\t\tconst style = document.createElement( 'style' );\n\t\t\t\t\tstyle.appendChild( document.createTextNode( '#wpforms-384-field_5-container { position: absolute !important; overflow: hidden !important; display: inline !important; height: 1px !important; width: 1px !important; z-index: -1000 !important; padding: 0 !important; } #wpforms-384-field_5-container input { visibility: hidden; } #wpforms-conversational-form-page #wpforms-384-field_5-container label { counter-increment: none; }' ) );\n\t\t\t\t\tdocument.head.appendChild( style );\n\t\t\t\t\tdocument.currentScript?.remove();\n\t\t\t\t} )();\n\t\t\t<\/script><\/div><!-- .wpforms-field-container --><div class=\"wpforms-submit-container\" ><input type=\"hidden\" name=\"wpforms[id]\" value=\"384\"><input type=\"hidden\" name=\"page_title\" value=\"\"><input type=\"hidden\" name=\"page_url\" value=\"https:\/\/poussieredecomete.fr\/index.php?rest_route=\/wp\/v2\/pages\/66\"><input type=\"hidden\" name=\"url_referer\" value=\"\"><button type=\"submit\" name=\"wpforms[submit]\" id=\"wpforms-submit-384\" class=\"wpforms-submit\" data-alt-text=\"En cours d&#039;envoi\" data-submit-text=\"Soumettre\" aria-live=\"assertive\" value=\"wpforms-submit\">Soumettre<\/button><img decoding=\"async\" src=\"https:\/\/poussieredecomete.fr\/wp-content\/plugins\/wpforms-lite\/assets\/images\/submit-spin.svg\" class=\"wpforms-submit-spinner\" style=\"display: none;\" width=\"26\" height=\"26\" alt=\"Chargement en cours\"><\/div><\/form><\/div>  <!-- .wpforms-container -->\n\n\n<h2 class=\"wp-block-heading\">Poussi\u00e8re de com\u00e8te<\/h2>\n\n\n\n<p><strong>Addresse<\/strong><\/p>\n\n\n\n<p>177 Boulevard de Cr\u00e9teil, 94100 Saint-Maur-des-Foss\u00e9s<\/p>\n\n\n\n<p><strong>E-mail<\/strong><\/p>\n\n\n\n<p><a href=\"mailto:contact@poussieredecomete.fr\"><mark style=\"background-color:rgba(0, 0, 0, 0);color:#be9c68\" class=\"has-inline-color\">contact@poussieredecomete.fr<\/mark><\/a><\/p>\n\n\n\n<p><strong>T\u00e9l\u00e9phone<\/strong><\/p>\n\n\n\n<p>0749760974<\/p>\n\n\n\n<div class=\"wp-block-group alignfull has-global-padding is-layout-constrained wp-container-core-group-is-layout-19e250f3 wp-block-group-is-layout-constrained\"><\/div>\n\n\n\n<div class=\"wp-block-group has-global-padding is-layout-constrained wp-block-group-is-layout-constrained\">\n<div style=\"height:33px\" aria-hidden=\"true\" class=\"wp-block-spacer\"><\/div>\n\n\n\n<div style=\"height:45px\" aria-hidden=\"true\" class=\"wp-block-spacer\"><\/div>\n<\/div>\n\n\n\n<p><\/p>\n\n\n\n<p><\/p>\n","protected":false},"excerpt":{"rendered":"<p>Vous souhaitez r\u00e9server un atelier ? Nous poser des questions ? Contactez-nous via le formulaire ci-dessous, par mail ou t\u00e9l\u00e9phone. Poussi\u00e8re de com\u00e8te Addresse 177 Boulevard de Cr\u00e9teil, 94100 Saint-Maur-des-Foss\u00e9s E-mail contact@poussieredecomete.fr T\u00e9l\u00e9phone 0749760974<\/p>\n","protected":false},"author":1,"featured_media":307,"parent":0,"menu_order":0,"comment_status":"closed","ping_status":"closed","template":"","meta":{"inspiro_page_layout":"narrow","inspiro_hide_title":false,"footnotes":""},"class_list":["post-66","page","type-page","status-publish","has-post-thumbnail","hentry"],"featured_media_urls":{"thumbnail":["https:\/\/poussieredecomete.fr\/wp-content\/uploads\/2025\/02\/DSCN3039-150x150.jpg",150,150,true],"medium":["https:\/\/poussieredecomete.fr\/wp-content\/uploads\/2025\/02\/DSCN3039-300x225.jpg",300,225,true],"medium_large":["https:\/\/poussieredecomete.fr\/wp-content\/uploads\/2025\/02\/DSCN3039-768x576.jpg",768,576,true],"large":["https:\/\/poussieredecomete.fr\/wp-content\/uploads\/2025\/02\/DSCN3039-1024x768.jpg",930,698,true],"1536x1536":["https:\/\/poussieredecomete.fr\/wp-content\/uploads\/2025\/02\/DSCN3039-1536x1152.jpg",1536,1152,true],"2048x2048":["https:\/\/poussieredecomete.fr\/wp-content\/uploads\/2025\/02\/DSCN3039-2048x1536.jpg",2048,1536,true],"ultp_layout_landscape_large":["https:\/\/poussieredecomete.fr\/wp-content\/uploads\/2025\/02\/DSCN3039-scaled.jpg",1067,800,false],"ultp_layout_landscape":["https:\/\/poussieredecomete.fr\/wp-content\/uploads\/2025\/02\/DSCN3039-scaled.jpg",760,570,false],"ultp_layout_portrait":["https:\/\/poussieredecomete.fr\/wp-content\/uploads\/2025\/02\/DSCN3039-scaled.jpg",600,450,false],"ultp_layout_square":["https:\/\/poussieredecomete.fr\/wp-content\/uploads\/2025\/02\/DSCN3039-scaled.jpg",600,450,false],"featured":["https:\/\/poussieredecomete.fr\/wp-content\/uploads\/2025\/02\/DSCN3039-2000x1500.jpg",2000,1500,true],"featured@2x":["https:\/\/poussieredecomete.fr\/wp-content\/uploads\/2025\/02\/DSCN3039-3000x2250.jpg",3000,2250,true],"featured-small":["https:\/\/poussieredecomete.fr\/wp-content\/uploads\/2025\/02\/DSCN3039-1000x750.jpg",1000,750,true],"recent-thumbnail":["https:\/\/poussieredecomete.fr\/wp-content\/uploads\/2025\/02\/DSCN3039-345x192.jpg",345,192,true],"recent-thumbnail-retina":["https:\/\/poussieredecomete.fr\/wp-content\/uploads\/2025\/02\/DSCN3039-690x384.jpg",690,384,true],"woo-featured":["https:\/\/poussieredecomete.fr\/wp-content\/uploads\/2025\/02\/DSCN3039-280x280.jpg",280,280,true],"entry-cover":["https:\/\/poussieredecomete.fr\/wp-content\/uploads\/2025\/02\/DSCN3039-1800x1350.jpg",1800,1350,true],"entry-cover@2x":["https:\/\/poussieredecomete.fr\/wp-content\/uploads\/2025\/02\/DSCN3039-3600x2700.jpg",3600,2700,true],"loop":["https:\/\/poussieredecomete.fr\/wp-content\/uploads\/2025\/02\/DSCN3039-950x320.jpg",950,320,true],"loop@2x":["https:\/\/poussieredecomete.fr\/wp-content\/uploads\/2025\/02\/DSCN3039-scaled.jpg",853,640,false],"portfolio-scroller-widget":["https:\/\/poussieredecomete.fr\/wp-content\/uploads\/2025\/02\/DSCN3039-747x560.jpg",747,560,true],"portfolio_item-thumbnail":["https:\/\/poussieredecomete.fr\/wp-content\/uploads\/2025\/02\/DSCN3039-scaled.jpg",533,400,false],"portfolio_item-thumbnail@2x":["https:\/\/poussieredecomete.fr\/wp-content\/uploads\/2025\/02\/DSCN3039-scaled.jpg",1067,800,false],"portfolio_item-masonry":["https:\/\/poussieredecomete.fr\/wp-content\/uploads\/2025\/02\/DSCN3039-scaled.jpg",600,450,false],"portfolio_item-thumbnail_wide":["https:\/\/poussieredecomete.fr\/wp-content\/uploads\/2025\/02\/DSCN3039-1800x600.jpg",1800,600,true],"portfolio_item-thumbnail_wide_cinema":["https:\/\/poussieredecomete.fr\/wp-content\/uploads\/2025\/02\/DSCN3039-1800x750.jpg",1800,750,true],"portfolio_item-thumbnail_cinema":["https:\/\/poussieredecomete.fr\/wp-content\/uploads\/2025\/02\/DSCN3039-scaled.jpg",447,335,false],"portfolio_item-thumbnail_portrait":["https:\/\/poussieredecomete.fr\/wp-content\/uploads\/2025\/02\/DSCN3039-scaled.jpg",600,450,false],"portfolio_item-thumbnail_square":["https:\/\/poussieredecomete.fr\/wp-content\/uploads\/2025\/02\/DSCN3039-scaled.jpg",800,600,false],"portfolio_item-masonry@2x":["https:\/\/poussieredecomete.fr\/wp-content\/uploads\/2025\/02\/DSCN3039-scaled.jpg",1200,900,false],"portfolio_item-thumbnail_portrait@2x":["https:\/\/poussieredecomete.fr\/wp-content\/uploads\/2025\/02\/DSCN3039-scaled.jpg",1200,900,false]},"_links":{"self":[{"href":"https:\/\/poussieredecomete.fr\/index.php?rest_route=\/wp\/v2\/pages\/66","targetHints":{"allow":["GET"]}}],"collection":[{"href":"https:\/\/poussieredecomete.fr\/index.php?rest_route=\/wp\/v2\/pages"}],"about":[{"href":"https:\/\/poussieredecomete.fr\/index.php?rest_route=\/wp\/v2\/types\/page"}],"author":[{"embeddable":true,"href":"https:\/\/poussieredecomete.fr\/index.php?rest_route=\/wp\/v2\/users\/1"}],"replies":[{"embeddable":true,"href":"https:\/\/poussieredecomete.fr\/index.php?rest_route=%2Fwp%2Fv2%2Fcomments&post=66"}],"version-history":[{"count":16,"href":"https:\/\/poussieredecomete.fr\/index.php?rest_route=\/wp\/v2\/pages\/66\/revisions"}],"predecessor-version":[{"id":501,"href":"https:\/\/poussieredecomete.fr\/index.php?rest_route=\/wp\/v2\/pages\/66\/revisions\/501"}],"wp:featuredmedia":[{"embeddable":true,"href":"https:\/\/poussieredecomete.fr\/index.php?rest_route=\/wp\/v2\/media\/307"}],"wp:attachment":[{"href":"https:\/\/poussieredecomete.fr\/index.php?rest_route=%2Fwp%2Fv2%2Fmedia&parent=66"}],"curies":[{"name":"wp","href":"https:\/\/api.w.org\/{rel}","templated":true}]}}