{"id":656,"date":"2026-02-02T22:24:50","date_gmt":"2026-02-02T21:24:50","guid":{"rendered":"https:\/\/poussieredecomete.fr\/?page_id=656"},"modified":"2026-02-02T22:28:51","modified_gmt":"2026-02-02T21:28:51","slug":"marche-du-temps-profond","status":"publish","type":"page","link":"https:\/\/poussieredecomete.fr\/?page_id=656","title":{"rendered":"Marche du temps profond"},"content":{"rendered":"\n<figure class=\"wp-block-image size-large\"><img fetchpriority=\"high\" decoding=\"async\" width=\"1024\" height=\"244\" src=\"https:\/\/poussieredecomete.fr\/wp-content\/uploads\/2026\/02\/Deep-Time-Walk-Logo-1024x244.png\" alt=\"\" class=\"wp-image-662\" srcset=\"https:\/\/poussieredecomete.fr\/wp-content\/uploads\/2026\/02\/Deep-Time-Walk-Logo-1024x244.png 1024w, https:\/\/poussieredecomete.fr\/wp-content\/uploads\/2026\/02\/Deep-Time-Walk-Logo-300x71.png 300w, https:\/\/poussieredecomete.fr\/wp-content\/uploads\/2026\/02\/Deep-Time-Walk-Logo-768x183.png 768w, https:\/\/poussieredecomete.fr\/wp-content\/uploads\/2026\/02\/Deep-Time-Walk-Logo-1536x366.png 1536w, https:\/\/poussieredecomete.fr\/wp-content\/uploads\/2026\/02\/Deep-Time-Walk-Logo-1000x238.png 1000w, https:\/\/poussieredecomete.fr\/wp-content\/uploads\/2026\/02\/Deep-Time-Walk-Logo-1800x429.png 1800w, https:\/\/poussieredecomete.fr\/wp-content\/uploads\/2026\/02\/Deep-Time-Walk-Logo-600x143.png 600w, https:\/\/poussieredecomete.fr\/wp-content\/uploads\/2026\/02\/Deep-Time-Walk-Logo-1200x286.png 1200w, https:\/\/poussieredecomete.fr\/wp-content\/uploads\/2026\/02\/Deep-Time-Walk-Logo.png 1843w\" sizes=\"(max-width: 1024px) 100vw, 1024px\" \/><\/figure>\n\n\n\n<p>La marche du temps profond ou \u00ab\u00a0Deep Time Walk\u00a0\u00bb c&rsquo;est 4,6 km de promenade guid\u00e9e pour traverser les 4,6 milliards d&rsquo;ann\u00e9es de vie de notre Terre. <\/p>\n\n\n\n<p>En 3h30 environ, nous revivons les 4,6 milliards d&rsquo;ann\u00e9es de vie de la Terre, avec des points d&rsquo;arr\u00eat sur les moments cl\u00e9s d&rsquo;\u00e9volution de la Terre et de la Vie : apparition des premi\u00e8res cellules, des v\u00e9g\u00e9taux, des animaux, glaciations, cycles d&rsquo;extinctions de masse et de renouveau de la Vie, jusqu&rsquo;\u00e0 nos jours.<\/p>\n\n\n\n<p><img decoding=\"async\" src=\"https:\/\/cdn.prod.website-files.com\/63e10c3e2b74e4ebeae84b65\/63e4f98ce6f8895055916e15_clock%20(3).svg\" alt=\"\"> 3h30<\/p>\n\n\n\n<p><img decoding=\"async\" src=\"https:\/\/cdn.prod.website-files.com\/63e10c3e2b74e4ebeae84b65\/63e503fb5d41d1b7f72824a3_Group%201135.svg\" alt=\"\"> Pas de limite de nombre<\/p>\n\n\n\n<p><img decoding=\"async\" src=\"https:\/\/cdn.prod.website-files.com\/63e10c3e2b74e4ebeae84b65\/63e4f98dfb831535a9ddd8fe_Stroke%20icons.svg\" alt=\"\"> Pr\u00e9sentiel : Paris, \u00eele de France, Normandie<\/p>\n\n\n\n<p>Pour toutes questions et demandes de devis, <strong><a href=\"https:\/\/poussieredecomete.fr\/?page_id=66\" data-type=\"page\" data-id=\"66\"><mark style=\"background-color:rgba(0, 0, 0, 0)\" class=\"has-inline-color has-primary-color\">contactez-nous<\/mark><\/a><\/strong> sans h\u00e9siter.<\/p>\n\n\n\n<p>Retrouvez toutes les informations sur <a href=\"https:\/\/marchedutempsprofond.mystrikingly.com\" data-type=\"link\" data-id=\"https:\/\/marchedutempsprofond.mystrikingly.com\"><mark style=\"background-color:rgba(0, 0, 0, 0)\" class=\"has-inline-color has-primary-color\">la marche du temps profond en francophonie<\/mark><\/a> ou sur la page officielle de la <a href=\"https:\/\/www.deeptimewalk.org\" data-type=\"link\" data-id=\"https:\/\/www.deeptimewalk.org\"><mark style=\"background-color:rgba(0, 0, 0, 0)\" class=\"has-inline-color has-primary-color\">Deep Time Walk<\/mark><\/a>.<\/p>\n\n\n\n<p><\/p>\n","protected":false},"excerpt":{"rendered":"<p>La marche du temps profond ou \u00ab\u00a0Deep Time Walk\u00a0\u00bb c&rsquo;est 4,6 km de promenade guid\u00e9e pour traverser les 4,6 milliards d&rsquo;ann\u00e9es de vie de notre Terre. En 3h30 environ, nous revivons les 4,6 milliards d&rsquo;ann\u00e9es de vie de la Terre, avec des points d&rsquo;arr\u00eat sur les moments cl\u00e9s d&rsquo;\u00e9volution de [&hellip;]<\/p>\n","protected":false},"author":1,"featured_media":0,"parent":0,"menu_order":0,"comment_status":"closed","ping_status":"closed","template":"","meta":{"inspiro_page_layout":"narrow","inspiro_hide_title":false,"footnotes":""},"class_list":["post-656","page","type-page","status-publish","hentry"],"featured_media_urls":[],"_links":{"self":[{"href":"https:\/\/poussieredecomete.fr\/index.php?rest_route=\/wp\/v2\/pages\/656","targetHints":{"allow":["GET"]}}],"collection":[{"href":"https:\/\/poussieredecomete.fr\/index.php?rest_route=\/wp\/v2\/pages"}],"about":[{"href":"https:\/\/poussieredecomete.fr\/index.php?rest_route=\/wp\/v2\/types\/page"}],"author":[{"embeddable":true,"href":"https:\/\/poussieredecomete.fr\/index.php?rest_route=\/wp\/v2\/users\/1"}],"replies":[{"embeddable":true,"href":"https:\/\/poussieredecomete.fr\/index.php?rest_route=%2Fwp%2Fv2%2Fcomments&post=656"}],"version-history":[{"count":2,"href":"https:\/\/poussieredecomete.fr\/index.php?rest_route=\/wp\/v2\/pages\/656\/revisions"}],"predecessor-version":[{"id":664,"href":"https:\/\/poussieredecomete.fr\/index.php?rest_route=\/wp\/v2\/pages\/656\/revisions\/664"}],"wp:attachment":[{"href":"https:\/\/poussieredecomete.fr\/index.php?rest_route=%2Fwp%2Fv2%2Fmedia&parent=656"}],"curies":[{"name":"wp","href":"https:\/\/api.w.org\/{rel}","templated":true}]}}