{"id":65,"date":"2023-11-21T20:25:27","date_gmt":"2023-11-21T19:25:27","guid":{"rendered":"https:\/?page_id=65"},"modified":"2025-07-21T15:17:17","modified_gmt":"2025-07-21T13:17:17","slug":"about","status":"publish","type":"page","link":"https:\/\/poussieredecomete.fr\/?page_id=65","title":{"rendered":"Association"},"content":{"rendered":"\n<h2 class=\"wp-block-heading\" style=\"font-size:clamp(22.041px, 1.378rem + ((1vw - 3.2px) * 1.454), 36px);font-style:normal;font-weight:300\">A propos<\/h2>\n\n\n\n<p>Poussi\u00e8re de com\u00e8te est une association de communication et de m\u00e9diation scientifique \u00e0 but non lucratif. <\/p>\n\n\n\n<p>L\u2019association intervient aupr\u00e8s de publics vari\u00e9s (\u00e9coles, collectivit\u00e9s, entreprises, grand public) et d\u00e9veloppe des projets m\u00ealant rigueur scientifique, imagination, \u00e9changes et transmission.<\/p>\n\n\n\n<p>Nos domaines de pr\u00e9dilection sont les sciences de la Terre et de l&rsquo;environnement.<\/p>\n\n\n\n<h3 class=\"wp-block-heading has-large-font-size\" style=\"font-style:normal;font-weight:300\">Nos missions<\/h3>\n\n\n\n<ul class=\"wp-block-list\">\n<li>Promouvoir, par tous moyens et aupr\u00e8s de tous publics, la connaissance des volcans, de la g\u00e9ologie, des sciences de l\u2019environnement et des sciences en g\u00e9n\u00e9ral<\/li>\n\n\n\n<li>Sensibiliser \u00e0 la pr\u00e9servation de l\u2019environnement et au d\u00e9veloppement de l\u2019esprit critique<\/li>\n\n\n\n<li>Organiser des ateliers, conf\u00e9rences, \u00e9v\u00e9nements et activit\u00e9s scientifiques accessibles \u00e0 toutes et tous<\/li>\n\n\n\n<li>Favoriser l\u2019\u00e9merveillement et la compr\u00e9hension du monde vivant et non-vivant par des approches ludiques et p\u00e9dagogiques<\/li>\n\n\n\n<li>Apporter une expertise en communication scientifique aux acteurs priv\u00e9s et publics<\/li>\n\n\n\n<li>Concevoir et dispenser des actions de formation sur ces th\u00e9matiques<\/li>\n<\/ul>\n\n\n\n<h2 class=\"wp-block-heading has-large-font-size\" style=\"font-style:normal;font-weight:300\">Nos valeurs<\/h2>\n\n\n\n<p>Nous cherchons \u00e0 encourager l\u2019engagement et la participation pour d\u00e9fendre et promouvoir des cadres de vie de qualit\u00e9 pour toutes et tous.<\/p>\n\n\n\n<ul class=\"wp-block-list\">\n<li><strong>Rigueur scientifique<\/strong>\n<ul class=\"wp-block-list\">\n<li>Nous nous appuyons sur des connaissances fiables, actuelles et sourc\u00e9es pour transmettre une science accessible, sans la simplifier \u00e0 l\u2019exc\u00e8s.<\/li>\n<\/ul>\n<\/li>\n\n\n\n<li><strong>\u00c9merveillement<\/strong>\n<ul class=\"wp-block-list\">\n<li>Parce que l&rsquo;on respecte mieux ce que l&rsquo;on comprend, nous cultivons la curiosit\u00e9, l\u2019\u00e9motion et la beaut\u00e9 des sciences.<\/li>\n<\/ul>\n<\/li>\n\n\n\n<li><strong>Esprit critique<\/strong>\n<ul class=\"wp-block-list\">\n<li>Nous encourageons et enseignons l\u2019analyse, l&rsquo;art de la recherche, la r\u00e9flexion et la prise de recul, pour permettre \u00e0 chacun\u00b7e de mieux comprendre le monde et les discours qui l\u2019entourent.<\/li>\n<\/ul>\n<\/li>\n\n\n\n<li><strong>\u00c9cologie et engagement<\/strong>\n<ul class=\"wp-block-list\">\n<li>La sensibilisation aux enjeux environnementaux est au c\u0153ur de nos actions, pour contribuer \u00e0 un monde plus juste, durable et conscient.<\/li>\n<\/ul>\n<\/li>\n\n\n\n<li><strong>Accessibilit\u00e9 pour toutes et tous<\/strong>\n<ul class=\"wp-block-list\">\n<li>Nous concevons des actions adapt\u00e9es \u00e0 chaque public, dans une d\u00e9marche inclusive, bienveillante et p\u00e9dagogique.<\/li>\n<\/ul>\n<\/li>\n\n\n\n<li><strong>Transmission et partage<\/strong>\n<ul class=\"wp-block-list\">\n<li>Nous croyons \u00e0 la force du lien humain, du dialogue interdisciplinaire et de la coop\u00e9ration entre acteurs scientifiques, \u00e9ducatifs, associatifs et citoyens.<\/li>\n<\/ul>\n<\/li>\n<\/ul>\n\n\n\n<h3 class=\"wp-block-heading has-large-font-size\" id=\"nous-soutenir\" style=\"font-style:normal;font-weight:300\">Soutenir l&rsquo;association<\/h3>\n\n\n\n<div style=\"height:10px\" aria-hidden=\"true\" class=\"wp-block-spacer\"><\/div>\n\n\n\n<p>Vous pouvez choisir de faire un don ponctuel ou r\u00e9gulier \u00e0 l&rsquo;association.<\/p>\n\n\n\n<p>Le lien public de soutien sera publi\u00e9 prochainement. En attendant, vous pouvez <a href=\"https:\/\/poussieredecomete.fr\/?page_id=66\" data-type=\"page\" data-id=\"66\"><mark style=\"background-color:rgba(0, 0, 0, 0)\" class=\"has-inline-color has-primary-color\">nous contacter<\/mark><\/a> directement. <\/p>\n\n\n\n<h3 class=\"wp-block-heading has-large-font-size\" id=\"nous-soutenir\" style=\"font-style:normal;font-weight:300\">Partenaires<\/h3>\n\n\n\n<figure class=\"wp-block-image aligncenter size-full is-resized\"><a href=\"https:\/\/myce-liens.ch\"><img fetchpriority=\"high\" decoding=\"async\" width=\"681\" height=\"494\" src=\"https:\/\/poussieredecomete.fr\/wp-content\/uploads\/2025\/03\/Logo-Mycelium.png\" alt=\"\" class=\"wp-image-363\" style=\"width:397px;height:auto\" srcset=\"https:\/\/poussieredecomete.fr\/wp-content\/uploads\/2025\/03\/Logo-Mycelium.png 681w, https:\/\/poussieredecomete.fr\/wp-content\/uploads\/2025\/03\/Logo-Mycelium-300x218.png 300w, https:\/\/poussieredecomete.fr\/wp-content\/uploads\/2025\/03\/Logo-Mycelium-600x435.png 600w\" sizes=\"(max-width: 681px) 100vw, 681px\" \/><\/a><figcaption class=\"wp-element-caption\">Association Myc\u00e9lium (Suisse)<\/figcaption><\/figure>\n\n\n\n<p><\/p>\n","protected":false},"excerpt":{"rendered":"<p>A propos Poussi\u00e8re de com\u00e8te est une association de communication et de m\u00e9diation scientifique \u00e0 but non lucratif. L\u2019association intervient aupr\u00e8s de publics vari\u00e9s (\u00e9coles, collectivit\u00e9s, entreprises, grand public) et d\u00e9veloppe des projets m\u00ealant rigueur scientifique, imagination, \u00e9changes et transmission. Nos domaines de pr\u00e9dilection sont les sciences de la Terre [&hellip;]<\/p>\n","protected":false},"author":1,"featured_media":184,"parent":0,"menu_order":0,"comment_status":"closed","ping_status":"closed","template":"","meta":{"inspiro_page_layout":"narrow","inspiro_hide_title":false,"footnotes":""},"class_list":["post-65","page","type-page","status-publish","has-post-thumbnail","hentry"],"featured_media_urls":{"thumbnail":["https:\/\/poussieredecomete.fr\/wp-content\/uploads\/2023\/11\/Islande-0590-1-scaled-e1701194327308-150x150.jpg",150,150,true],"medium":["https:\/\/poussieredecomete.fr\/wp-content\/uploads\/2023\/11\/Islande-0590-1-scaled-e1701194327308-300x129.jpg",300,129,true],"medium_large":["https:\/\/poussieredecomete.fr\/wp-content\/uploads\/2023\/11\/Islande-0590-1-scaled-e1701194327308-768x331.jpg",768,331,true],"large":["https:\/\/poussieredecomete.fr\/wp-content\/uploads\/2023\/11\/Islande-0590-1-scaled-e1701194327308-1024x442.jpg",930,401,true],"1536x1536":["https:\/\/poussieredecomete.fr\/wp-content\/uploads\/2023\/11\/Islande-0590-1-scaled-e1701194327308-1536x662.jpg",1536,662,true],"2048x2048":["https:\/\/poussieredecomete.fr\/wp-content\/uploads\/2023\/11\/Islande-0590-1-scaled-e1701194327308-2048x883.jpg",2048,883,true],"ultp_layout_landscape_large":["https:\/\/poussieredecomete.fr\/wp-content\/uploads\/2023\/11\/Islande-0590-1-scaled-e1701194327308.jpg",1200,517,false],"ultp_layout_landscape":["https:\/\/poussieredecomete.fr\/wp-content\/uploads\/2023\/11\/Islande-0590-1-scaled-e1701194327308.jpg",870,375,false],"ultp_layout_portrait":["https:\/\/poussieredecomete.fr\/wp-content\/uploads\/2023\/11\/Islande-0590-1-scaled-e1701194327308.jpg",600,259,false],"ultp_layout_square":["https:\/\/poussieredecomete.fr\/wp-content\/uploads\/2023\/11\/Islande-0590-1-scaled-e1701194327308.jpg",600,259,false],"featured":["https:\/\/poussieredecomete.fr\/wp-content\/uploads\/2023\/11\/Islande-0590-1-scaled-e1701194327308.jpg",2000,862,false],"featured@2x":["https:\/\/poussieredecomete.fr\/wp-content\/uploads\/2023\/11\/Islande-0590-1-scaled-e1701194327308.jpg",2542,1096,false],"featured-small":["https:\/\/poussieredecomete.fr\/wp-content\/uploads\/2023\/11\/Islande-0590-1-scaled-e1701194327308.jpg",1000,431,false],"recent-thumbnail":["https:\/\/poussieredecomete.fr\/wp-content\/uploads\/2023\/11\/Islande-0590-1-scaled-e1701194327308.jpg",345,149,false],"recent-thumbnail-retina":["https:\/\/poussieredecomete.fr\/wp-content\/uploads\/2023\/11\/Islande-0590-1-scaled-e1701194327308.jpg",690,297,false],"woo-featured":["https:\/\/poussieredecomete.fr\/wp-content\/uploads\/2023\/11\/Islande-0590-1-scaled-e1701194327308.jpg",280,121,false],"entry-cover":["https:\/\/poussieredecomete.fr\/wp-content\/uploads\/2023\/11\/Islande-0590-1-scaled-e1701194327308.jpg",1800,776,false],"entry-cover@2x":["https:\/\/poussieredecomete.fr\/wp-content\/uploads\/2023\/11\/Islande-0590-1-scaled-e1701194327308.jpg",2542,1096,false],"loop":["https:\/\/poussieredecomete.fr\/wp-content\/uploads\/2023\/11\/Islande-0590-1-scaled-e1701194327308.jpg",742,320,false],"loop@2x":["https:\/\/poussieredecomete.fr\/wp-content\/uploads\/2023\/11\/Islande-0590-1-scaled-e1701194327308.jpg",1484,640,false],"portfolio-scroller-widget":["https:\/\/poussieredecomete.fr\/wp-content\/uploads\/2023\/11\/Islande-0590-1-scaled-e1701194327308.jpg",1299,560,false],"portfolio_item-thumbnail":["https:\/\/poussieredecomete.fr\/wp-content\/uploads\/2023\/11\/Islande-0590-1-scaled-e1701194327308-600x400.jpg",600,400,true],"portfolio_item-thumbnail@2x":["https:\/\/poussieredecomete.fr\/wp-content\/uploads\/2023\/11\/Islande-0590-1-scaled-e1701194327308-1200x800.jpg",1200,800,true],"portfolio_item-masonry":["https:\/\/poussieredecomete.fr\/wp-content\/uploads\/2023\/11\/Islande-0590-1-scaled-e1701194327308-600x259.jpg",600,259,true],"portfolio_item-thumbnail_wide":["https:\/\/poussieredecomete.fr\/wp-content\/uploads\/2023\/11\/Islande-0590-1-scaled-e1701194327308.jpg",1392,600,false],"portfolio_item-thumbnail_wide_cinema":["https:\/\/poussieredecomete.fr\/wp-content\/uploads\/2023\/11\/Islande-0590-1-scaled-e1701194327308.jpg",1740,750,false],"portfolio_item-thumbnail_cinema":["https:\/\/poussieredecomete.fr\/wp-content\/uploads\/2023\/11\/Islande-0590-1-scaled-e1701194327308-800x335.jpg",800,335,true],"portfolio_item-thumbnail_portrait":["https:\/\/poussieredecomete.fr\/wp-content\/uploads\/2023\/11\/Islande-0590-1-scaled-e1701194327308-600x900.jpg",600,900,true],"portfolio_item-thumbnail_square":["https:\/\/poussieredecomete.fr\/wp-content\/uploads\/2023\/11\/Islande-0590-1-scaled-e1701194327308-800x800.jpg",800,800,true],"portfolio_item-masonry@2x":["https:\/\/poussieredecomete.fr\/wp-content\/uploads\/2023\/11\/Islande-0590-1-scaled-e1701194327308-1200x517.jpg",1200,517,true],"portfolio_item-thumbnail_portrait@2x":["https:\/\/poussieredecomete.fr\/wp-content\/uploads\/2023\/11\/Islande-0590-1-scaled-e1701194327308-1200x1096.jpg",1200,1096,true]},"_links":{"self":[{"href":"https:\/\/poussieredecomete.fr\/index.php?rest_route=\/wp\/v2\/pages\/65","targetHints":{"allow":["GET"]}}],"collection":[{"href":"https:\/\/poussieredecomete.fr\/index.php?rest_route=\/wp\/v2\/pages"}],"about":[{"href":"https:\/\/poussieredecomete.fr\/index.php?rest_route=\/wp\/v2\/types\/page"}],"author":[{"embeddable":true,"href":"https:\/\/poussieredecomete.fr\/index.php?rest_route=\/wp\/v2\/users\/1"}],"replies":[{"embeddable":true,"href":"https:\/\/poussieredecomete.fr\/index.php?rest_route=%2Fwp%2Fv2%2Fcomments&post=65"}],"version-history":[{"count":50,"href":"https:\/\/poussieredecomete.fr\/index.php?rest_route=\/wp\/v2\/pages\/65\/revisions"}],"predecessor-version":[{"id":651,"href":"https:\/\/poussieredecomete.fr\/index.php?rest_route=\/wp\/v2\/pages\/65\/revisions\/651"}],"wp:featuredmedia":[{"embeddable":true,"href":"https:\/\/poussieredecomete.fr\/index.php?rest_route=\/wp\/v2\/media\/184"}],"wp:attachment":[{"href":"https:\/\/poussieredecomete.fr\/index.php?rest_route=%2Fwp%2Fv2%2Fmedia&parent=65"}],"curies":[{"name":"wp","href":"https:\/\/api.w.org\/{rel}","templated":true}]}}