{"id":64,"date":"2023-11-21T20:25:27","date_gmt":"2023-11-21T19:25:27","guid":{"rendered":"https:\/?page_id=64"},"modified":"2025-10-07T13:14:10","modified_gmt":"2025-10-07T11:14:10","slug":"homepage","status":"publish","type":"page","link":"https:\/\/poussieredecomete.fr\/","title":{"rendered":"Accueil"},"content":{"rendered":"\n<div class=\"wp-block-group has-global-padding is-layout-constrained wp-block-group-is-layout-constrained\">\n<div style=\"height:57px\" aria-hidden=\"true\" class=\"wp-block-spacer\"><\/div>\n\n\n\n<h1 class=\"wp-block-heading has-text-align-center\" style=\"font-size:clamp(29.768px, 1.861rem + ((1vw - 3.2px) * 2.316), 52px);letter-spacing:1px\">Des \u00e9toiles plein les yeux, <br>des sciences plein la t\u00eate.<\/h1>\n\n\n\n<hr class=\"wp-block-separator has-alpha-channel-opacity\"\/>\n\n\n\n<p class=\"has-text-align-center\">Notre but est de promouvoir le savoir et les discussions soci\u00e9tales autour de sujets scientifiques.<br>Nos sujets de pr\u00e9dilections ? Les sciences de la Terre et de l&rsquo;environnement.<\/p>\n\n\n\n<hr class=\"wp-block-separator has-alpha-channel-opacity\"\/>\n\n\n\n<div class=\"wp-block-buttons is-horizontal is-content-justification-center is-layout-flex wp-container-core-buttons-is-layout-03627597 wp-block-buttons-is-layout-flex\">\n<div class=\"wp-block-button is-style-outline is-style-outline--1\"><a class=\"wp-block-button__link has-small-font-size has-custom-font-size wp-element-button\" href=\"https:\/\/poussieredecomete.fr\/?page_id=65\" style=\"border-radius:0px\">A propos de l&rsquo;association<\/a><\/div>\n<\/div>\n\n\n\n<div style=\"height:57px\" aria-hidden=\"true\" class=\"wp-block-spacer\"><\/div>\n<\/div>\n\n\n\n<div class=\"wp-block-group alignfull pattern_multiple_covers has-background has-global-padding is-layout-constrained wp-block-group-is-layout-constrained\" id=\"services\" style=\"background-color:#f8f8f8\">\n<p class=\"has-text-align-left has-secondary-color has-text-color\" style=\"letter-spacing:1px\"><\/p>\n\n\n\n<h2 class=\"wp-block-heading has-text-align-left\">D\u00e9couvrez nos offres d&rsquo;ateliers et nos prochains \u00e9v\u00e8nements<\/h2>\n\n\n\n<p class=\"has-text-align-left\">Retrouvez prochainement nos ateliers destin\u00e9s aux \u00e9coles de la maternelle au lyc\u00e9e, ainsi qu&rsquo;un choix d&rsquo;ateliers et d&rsquo;itin\u00e9raires scientifiques destin\u00e9s aux entreprises et collectivit\u00e9s.<\/p>\n\n\n\n<div class=\"wp-block-columns is-layout-flex wp-container-core-columns-is-layout-28f84493 wp-block-columns-is-layout-flex\">\n<div class=\"wp-block-column is-layout-flow wp-block-column-is-layout-flow\" style=\"padding-top:0;padding-right:0;padding-bottom:0;padding-left:0\">\n<div class=\"wp-block-cover has-custom-content-position is-position-bottom-left\" style=\"padding-top:var(--wp--preset--spacing--small);padding-right:var(--wp--preset--spacing--x-small);padding-bottom:var(--wp--preset--spacing--small);padding-left:var(--wp--preset--spacing--x-small)\"><img decoding=\"async\" class=\"wp-block-cover__image-background wp-image-205\" alt=\"\" src=\"http:\/\/poussieredecomete.fr\/wp-content\/uploads\/2025\/02\/IMG-20240518-WA0069.jpg\" data-object-fit=\"cover\"\/><span aria-hidden=\"true\" class=\"wp-block-cover__background has-background-dim-70 has-background-dim\"><\/span><div class=\"wp-block-cover__inner-container is-layout-flow wp-block-cover-is-layout-flow\">\n<h3 class=\"wp-block-heading has-white-color has-text-color has-medium-font-size\" style=\"margin-top:0;margin-right:0;margin-bottom:0;margin-left:0\">Apprendre<\/h3>\n\n\n\n<p>Notre page d\u00e9di\u00e9e aux scolaires<\/p>\n\n\n\n<p class=\"has-secondary-color has-text-color has-link-color wp-elements-62b5db22b3c619d909f28c6ae40d9fa8\" style=\"margin-top:0;margin-right:0;margin-bottom:0;margin-left:0\"><a href=\"https:\/\/poussieredecomete.fr\/?page_id=270\" data-type=\"page\" data-id=\"270\">En savoir plus \u2192<\/a><\/p>\n<\/div><\/div>\n<\/div>\n\n\n\n<div class=\"wp-block-column is-layout-flow wp-block-column-is-layout-flow\" style=\"padding-top:0;padding-right:0;padding-bottom:0;padding-left:0\">\n<div class=\"wp-block-cover has-custom-content-position is-position-bottom-left\" style=\"padding-top:var(--wp--preset--spacing--small);padding-right:var(--wp--preset--spacing--x-small);padding-bottom:var(--wp--preset--spacing--small);padding-left:var(--wp--preset--spacing--x-small)\"><img fetchpriority=\"high\" decoding=\"async\" width=\"1024\" height=\"682\" class=\"wp-block-cover__image-background wp-image-597 size-large\" alt=\"sapins\" src=\"http:\/\/poussieredecomete.fr\/wp-content\/uploads\/2025\/07\/975091-1024x682.jpg\" data-object-fit=\"cover\" srcset=\"https:\/\/poussieredecomete.fr\/wp-content\/uploads\/2025\/07\/975091-1024x682.jpg 1024w, https:\/\/poussieredecomete.fr\/wp-content\/uploads\/2025\/07\/975091-300x200.jpg 300w, https:\/\/poussieredecomete.fr\/wp-content\/uploads\/2025\/07\/975091-768x512.jpg 768w, https:\/\/poussieredecomete.fr\/wp-content\/uploads\/2025\/07\/975091-1000x666.jpg 1000w, https:\/\/poussieredecomete.fr\/wp-content\/uploads\/2025\/07\/975091-840x560.jpg 840w, https:\/\/poussieredecomete.fr\/wp-content\/uploads\/2025\/07\/975091-600x400.jpg 600w, https:\/\/poussieredecomete.fr\/wp-content\/uploads\/2025\/07\/975091-1200x800.jpg 1200w, https:\/\/poussieredecomete.fr\/wp-content\/uploads\/2025\/07\/975091.jpg 1280w\" sizes=\"(max-width: 1024px) 100vw, 1024px\" \/><span aria-hidden=\"true\" class=\"wp-block-cover__background has-background-dim-70 has-background-dim\"><\/span><div class=\"wp-block-cover__inner-container is-layout-flow wp-block-cover-is-layout-flow\">\n<h3 class=\"wp-block-heading has-white-color has-text-color has-medium-font-size\" style=\"margin-top:0;margin-right:0;margin-bottom:0;margin-left:0\">Explorer<\/h3>\n\n\n\n<p>Pour les entreprises et collectivit\u00e9s<\/p>\n\n\n\n<p class=\"has-white-color has-text-color has-link-color wp-elements-c7f5607f8d5752fd1d9d1bcd5819cfd0\" style=\"margin-top:0;margin-right:0;margin-bottom:0;margin-left:0\"><a href=\"#\"><\/a><a href=\"https:\/\/poussieredecomete.fr\/?page_id=265\" data-type=\"page\" data-id=\"265\">En savoir plus \u2192<\/a><\/p>\n<\/div><\/div>\n<\/div>\n\n\n\n<div class=\"wp-block-column is-layout-flow wp-block-column-is-layout-flow\" style=\"padding-top:0;padding-right:0;padding-bottom:0;padding-left:0\">\n<div class=\"wp-block-cover has-custom-content-position is-position-bottom-left\" style=\"padding-top:var(--wp--preset--spacing--small);padding-right:var(--wp--preset--spacing--x-small);padding-bottom:var(--wp--preset--spacing--small);padding-left:var(--wp--preset--spacing--x-small)\"><img decoding=\"async\" width=\"1200\" height=\"1600\" class=\"wp-block-cover__image-background wp-image-204\" alt=\"\" src=\"http:\/\/poussieredecomete.fr\/wp-content\/uploads\/2025\/02\/IMG-20240325-WA0010.jpg\" data-object-fit=\"cover\" srcset=\"https:\/\/poussieredecomete.fr\/wp-content\/uploads\/2025\/02\/IMG-20240325-WA0010.jpg 1200w, https:\/\/poussieredecomete.fr\/wp-content\/uploads\/2025\/02\/IMG-20240325-WA0010-225x300.jpg 225w, https:\/\/poussieredecomete.fr\/wp-content\/uploads\/2025\/02\/IMG-20240325-WA0010-768x1024.jpg 768w\" sizes=\"(max-width: 1200px) 100vw, 1200px\" \/><span aria-hidden=\"true\" class=\"wp-block-cover__background has-background-dim-70 has-background-dim\"><\/span><div class=\"wp-block-cover__inner-container is-layout-flow wp-block-cover-is-layout-flow\">\n<h3 class=\"wp-block-heading has-white-color has-text-color has-medium-font-size\" style=\"margin-top:0;margin-right:0;margin-bottom:0;margin-left:0\">Questionner<\/h3>\n\n\n\n<p>Animations Fresque du sol<\/p>\n\n\n\n<p class=\"has-white-color has-text-color has-link-color wp-elements-f99655bf447d1d3744d6f4c47d4a4532\" style=\"margin-top:0;margin-right:0;margin-bottom:0;margin-left:0\"><a href=\"#\"><\/a><a href=\"#\"><\/a><a href=\"https:\/\/poussieredecomete.fr\/?page_id=260\" data-type=\"page\" data-id=\"260\">En savoir plus \u2192<\/a><\/p>\n<\/div><\/div>\n<\/div>\n<\/div>\n\n\n\n<div style=\"height:103px\" aria-hidden=\"true\" class=\"wp-block-spacer\"><\/div>\n<\/div>\n\n\n\n<div class=\"wp-block-group alignfull has-global-padding is-layout-constrained wp-block-group-is-layout-constrained\">\n<div class=\"wp-block-group has-global-padding is-layout-constrained wp-block-group-is-layout-constrained\" style=\"padding-top:var(--wp--preset--spacing--small);padding-bottom:var(--wp--preset--spacing--small)\">\n<div style=\"height:30px\" aria-hidden=\"true\" class=\"wp-block-spacer\"><\/div>\n\n\n\n<div class=\"wp-block-columns is-layout-flex wp-container-core-columns-is-layout-c375d253 wp-block-columns-is-layout-flex\">\n<div class=\"wp-block-column is-vertically-aligned-center is-layout-flow wp-block-column-is-layout-flow\">\n<h2 class=\"wp-block-heading has-medium-font-size\" style=\"text-transform:uppercase\">Blog<\/h2>\n\n\n\n<p>Retrouvez prochainement des articles sur nos \u00e9v\u00e8nements pass\u00e9s et \u00e0 venir ainsi que des posts sur les sujets qui nous tiennent \u00e0 c\u0153ur.<\/p>\n\n\n\n<div class=\"wp-block-buttons is-horizontal is-content-justification-left is-layout-flex wp-container-core-buttons-is-layout-20be11b6 wp-block-buttons-is-layout-flex\">\n<div class=\"wp-block-button is-style-outline is-style-outline--2\"><a class=\"wp-block-button__link wp-element-button\" style=\"border-radius:0px\">ARTICLES<\/a><\/div>\n<\/div>\n\n\n\n<p><\/p>\n<\/div>\n\n\n\n<div class=\"wp-block-column is-layout-flow wp-block-column-is-layout-flow\">\n<figure class=\"wp-block-image size-large\"><img decoding=\"async\" width=\"1024\" height=\"1024\" src=\"http:\/\/poussieredecomete.fr\/wp-content\/uploads\/2025\/02\/CA3A0267-scaled-e1740772682357-1024x1024.jpg\" alt=\"\" class=\"wp-image-310\" srcset=\"https:\/\/poussieredecomete.fr\/wp-content\/uploads\/2025\/02\/CA3A0267-scaled-e1740772682357-1024x1024.jpg 1024w, https:\/\/poussieredecomete.fr\/wp-content\/uploads\/2025\/02\/CA3A0267-scaled-e1740772682357-300x300.jpg 300w, https:\/\/poussieredecomete.fr\/wp-content\/uploads\/2025\/02\/CA3A0267-scaled-e1740772682357-150x150.jpg 150w, https:\/\/poussieredecomete.fr\/wp-content\/uploads\/2025\/02\/CA3A0267-scaled-e1740772682357-768x768.jpg 768w, https:\/\/poussieredecomete.fr\/wp-content\/uploads\/2025\/02\/CA3A0267-scaled-e1740772682357-1536x1536.jpg 1536w, https:\/\/poussieredecomete.fr\/wp-content\/uploads\/2025\/02\/CA3A0267-scaled-e1740772682357-1000x1000.jpg 1000w, https:\/\/poussieredecomete.fr\/wp-content\/uploads\/2025\/02\/CA3A0267-scaled-e1740772682357-280x280.jpg 280w, https:\/\/poussieredecomete.fr\/wp-content\/uploads\/2025\/02\/CA3A0267-scaled-e1740772682357-560x560.jpg 560w, https:\/\/poussieredecomete.fr\/wp-content\/uploads\/2025\/02\/CA3A0267-scaled-e1740772682357-600x600.jpg 600w, https:\/\/poussieredecomete.fr\/wp-content\/uploads\/2025\/02\/CA3A0267-scaled-e1740772682357-800x800.jpg 800w, https:\/\/poussieredecomete.fr\/wp-content\/uploads\/2025\/02\/CA3A0267-scaled-e1740772682357-1200x1200.jpg 1200w, https:\/\/poussieredecomete.fr\/wp-content\/uploads\/2025\/02\/CA3A0267-scaled-e1740772682357.jpg 1707w\" sizes=\"(max-width: 1024px) 100vw, 1024px\" \/><figcaption class=\"wp-element-caption\">\u00a9 Cl\u00e9mence Catherine Photography<\/figcaption><\/figure>\n<\/div>\n<\/div>\n\n\n\n<div style=\"height:30px\" aria-hidden=\"true\" class=\"wp-block-spacer\"><\/div>\n<\/div>\n<\/div>\n\n\n\n<div class=\"wp-block-group alignfull has-background has-global-padding is-layout-constrained wp-block-group-is-layout-constrained\" style=\"background-color:#f8f8f8\">\n<div class=\"wp-block-group has-global-padding is-layout-constrained wp-block-group-is-layout-constrained\" style=\"padding-top:var(--wp--preset--spacing--small);padding-bottom:var(--wp--preset--spacing--small)\">\n<div style=\"height:30px\" aria-hidden=\"true\" class=\"wp-block-spacer\"><\/div>\n\n\n\n<div class=\"wp-block-columns are-vertically-aligned-center is-layout-flex wp-container-core-columns-is-layout-c375d253 wp-block-columns-is-layout-flex\">\n<div class=\"wp-block-column is-vertically-aligned-center is-layout-flow wp-block-column-is-layout-flow\">\n<figure class=\"wp-block-image size-large\"><img loading=\"lazy\" decoding=\"async\" width=\"683\" height=\"1024\" src=\"http:\/\/poussieredecomete.fr\/wp-content\/uploads\/2025\/02\/Islande-1201-683x1024.jpg\" alt=\"\" class=\"wp-image-334\" srcset=\"https:\/\/poussieredecomete.fr\/wp-content\/uploads\/2025\/02\/Islande-1201-683x1024.jpg 683w, https:\/\/poussieredecomete.fr\/wp-content\/uploads\/2025\/02\/Islande-1201-200x300.jpg 200w, https:\/\/poussieredecomete.fr\/wp-content\/uploads\/2025\/02\/Islande-1201-768x1152.jpg 768w, https:\/\/poussieredecomete.fr\/wp-content\/uploads\/2025\/02\/Islande-1201-1024x1536.jpg 1024w, https:\/\/poussieredecomete.fr\/wp-content\/uploads\/2025\/02\/Islande-1201-1365x2048.jpg 1365w, https:\/\/poussieredecomete.fr\/wp-content\/uploads\/2025\/02\/Islande-1201-2000x3000.jpg 2000w, https:\/\/poussieredecomete.fr\/wp-content\/uploads\/2025\/02\/Islande-1201-1000x1500.jpg 1000w, https:\/\/poussieredecomete.fr\/wp-content\/uploads\/2025\/02\/Islande-1201-1800x2700.jpg 1800w, https:\/\/poussieredecomete.fr\/wp-content\/uploads\/2025\/02\/Islande-1201-373x560.jpg 373w, https:\/\/poussieredecomete.fr\/wp-content\/uploads\/2025\/02\/Islande-1201-scaled.jpg 1707w\" sizes=\"(max-width: 683px) 100vw, 683px\" \/><figcaption class=\"wp-element-caption\">\u00a9 Pauline Le Lay Photography<\/figcaption><\/figure>\n<\/div>\n\n\n\n<div class=\"wp-block-column is-vertically-aligned-center is-layout-flow wp-block-column-is-layout-flow\">\n<h2 class=\"wp-block-heading has-medium-font-size\" style=\"text-transform:uppercase\">PODCASTS<\/h2>\n\n\n\n<p>Retrouvez prochainement notre tout premier podcast sur les sciences de la Terre et de l&rsquo;environnement, ainsi qu&rsquo;un podcast d\u00e9di\u00e9 aux enfants !<\/p>\n\n\n\n<div class=\"wp-block-buttons is-layout-flex wp-block-buttons-is-layout-flex\">\n<div class=\"wp-block-button is-style-outline is-style-outline--3\"><a class=\"wp-block-button__link wp-element-button\" href=\"https:\/?p=93\" style=\"border-radius:0px\">EPISODES<\/a><\/div>\n<\/div>\n<\/div>\n<\/div>\n\n\n\n<div style=\"height:30px\" aria-hidden=\"true\" class=\"wp-block-spacer\"><\/div>\n<\/div>\n<\/div>\n\n\n\n<div class=\"wp-block-group alignfull portfolio-dark has-black-background-color has-background has-global-padding is-layout-constrained wp-block-group-is-layout-constrained\" id=\"portfolio\" style=\"margin-top:0px\">\n<div style=\"height:122px\" aria-hidden=\"true\" class=\"wp-block-spacer\"><\/div>\n\n\n\n<p class=\"has-text-align-left has-text-color\" style=\"color:#bc924b;letter-spacing:1px\">PORTFOLIO<\/p>\n\n\n\n<h2 class=\"wp-block-heading has-text-align-left has-white-color has-text-color has-large-font-size\">NOTRE TRAVAIL EN IMAGE<\/h2>\n\n\n\n<figure class=\"wp-block-gallery has-nested-images columns-default is-cropped wp-block-gallery-4 is-layout-flex wp-block-gallery-is-layout-flex\">\n<figure class=\"wp-block-image size-large\"><img loading=\"lazy\" decoding=\"async\" width=\"768\" height=\"1024\" data-id=\"204\" src=\"https:\/\/poussieredecomete.fr\/wp-content\/uploads\/2025\/02\/IMG-20240325-WA0010-768x1024.jpg\" alt=\"\" class=\"wp-image-204\" srcset=\"https:\/\/poussieredecomete.fr\/wp-content\/uploads\/2025\/02\/IMG-20240325-WA0010-768x1024.jpg 768w, https:\/\/poussieredecomete.fr\/wp-content\/uploads\/2025\/02\/IMG-20240325-WA0010-225x300.jpg 225w, https:\/\/poussieredecomete.fr\/wp-content\/uploads\/2025\/02\/IMG-20240325-WA0010.jpg 1200w\" sizes=\"(max-width: 768px) 100vw, 768px\" \/><\/figure>\n\n\n\n<figure class=\"wp-block-image size-large\"><img loading=\"lazy\" decoding=\"async\" width=\"698\" height=\"1024\" data-id=\"205\" src=\"https:\/\/poussieredecomete.fr\/wp-content\/uploads\/2025\/02\/IMG-20240518-WA0069-698x1024.jpg\" alt=\"\" class=\"wp-image-205\"\/><\/figure>\n\n\n\n<figure class=\"wp-block-image size-large\"><img loading=\"lazy\" decoding=\"async\" width=\"683\" height=\"1024\" data-id=\"313\" src=\"http:\/\/poussieredecomete.fr\/wp-content\/uploads\/2025\/02\/CA3A0275-683x1024.jpg\" alt=\"\" class=\"wp-image-313\" srcset=\"https:\/\/poussieredecomete.fr\/wp-content\/uploads\/2025\/02\/CA3A0275-683x1024.jpg 683w, https:\/\/poussieredecomete.fr\/wp-content\/uploads\/2025\/02\/CA3A0275-200x300.jpg 200w, https:\/\/poussieredecomete.fr\/wp-content\/uploads\/2025\/02\/CA3A0275-768x1152.jpg 768w, https:\/\/poussieredecomete.fr\/wp-content\/uploads\/2025\/02\/CA3A0275-1024x1536.jpg 1024w, https:\/\/poussieredecomete.fr\/wp-content\/uploads\/2025\/02\/CA3A0275-1365x2048.jpg 1365w, https:\/\/poussieredecomete.fr\/wp-content\/uploads\/2025\/02\/CA3A0275-2000x3000.jpg 2000w, https:\/\/poussieredecomete.fr\/wp-content\/uploads\/2025\/02\/CA3A0275-1000x1500.jpg 1000w, https:\/\/poussieredecomete.fr\/wp-content\/uploads\/2025\/02\/CA3A0275-1800x2700.jpg 1800w, https:\/\/poussieredecomete.fr\/wp-content\/uploads\/2025\/02\/CA3A0275-373x560.jpg 373w, https:\/\/poussieredecomete.fr\/wp-content\/uploads\/2025\/02\/CA3A0275-scaled.jpg 1707w\" sizes=\"(max-width: 683px) 100vw, 683px\" \/><\/figure>\n<\/figure>\n\n\n\n<div style=\"height:50px\" aria-hidden=\"true\" class=\"wp-block-spacer\"><\/div>\n<\/div>\n\n\n\n<div id=\"partners\" class=\"wp-block-group has-global-padding is-content-justification-center is-layout-constrained wp-container-core-group-is-layout-dc06fb1d wp-block-group-is-layout-constrained\">\n<div style=\"height:80px\" aria-hidden=\"true\" class=\"wp-block-spacer\"><\/div>\n\n\n\n<div class=\"wp-block-group has-global-padding is-content-justification-left is-layout-constrained wp-container-core-group-is-layout-5d29898d wp-block-group-is-layout-constrained\" style=\"padding-top:0px;padding-right:0;padding-bottom:var(--wp--preset--spacing--small);padding-left:0\">\n<div class=\"wp-block-columns is-layout-flex wp-container-core-columns-is-layout-28f84493 wp-block-columns-is-layout-flex\">\n<div class=\"wp-block-column is-layout-flow wp-block-column-is-layout-flow\" style=\"flex-basis:60%\">\n<h2 class=\"wp-block-heading has-text-align-left\">PARTENAIRES<\/h2>\n\n\n\n<figure class=\"wp-block-image alignleft size-full is-resized\"><a href=\"https:\/\/myce-liens.ch\"><img loading=\"lazy\" decoding=\"async\" width=\"681\" height=\"494\" src=\"https:\/\/poussieredecomete.fr\/wp-content\/uploads\/2025\/03\/Logo-Mycelium.png\" alt=\"\" class=\"wp-image-363\" style=\"width:342px;height:auto\" srcset=\"https:\/\/poussieredecomete.fr\/wp-content\/uploads\/2025\/03\/Logo-Mycelium.png 681w, https:\/\/poussieredecomete.fr\/wp-content\/uploads\/2025\/03\/Logo-Mycelium-300x218.png 300w, https:\/\/poussieredecomete.fr\/wp-content\/uploads\/2025\/03\/Logo-Mycelium-600x435.png 600w\" sizes=\"(max-width: 681px) 100vw, 681px\" \/><\/a><figcaption class=\"wp-element-caption\">Association Myc\u00e9lium (Suisse)<\/figcaption><\/figure>\n<\/div>\n\n\n\n<div class=\"wp-block-column is-layout-flow wp-block-column-is-layout-flow\" style=\"flex-basis:40%\">\n<p><\/p>\n\n\n\n<p><\/p>\n\n\n\n<p><\/p>\n\n\n\n<p><mark style=\"background-color:rgba(0, 0, 0, 0)\" class=\"has-inline-color has-secondary-color\">Nous cherchons des partenaires ! <\/mark>N&rsquo;h\u00e9sitez pas \u00e0 <a href=\"https:\/\/poussieredecomete.fr\/?page_id=66\" data-type=\"page\" data-id=\"66\"><mark style=\"background-color:rgba(0, 0, 0, 0)\" class=\"has-inline-color has-primary-color\">prendre contact<\/mark><\/a> avec nous.<\/p>\n<\/div>\n<\/div>\n\n\n\n<p><\/p>\n<\/div>\n\n\n\n<div class=\"wp-block-group has-global-padding is-layout-constrained wp-block-group-is-layout-constrained\">\n<div class=\"wp-block-columns are-vertically-aligned-center is-layout-flex wp-container-core-columns-is-layout-28f84493 wp-block-columns-is-layout-flex\">\n<div class=\"wp-block-column is-vertically-aligned-center is-layout-flow wp-block-column-is-layout-flow\" style=\"flex-basis:20%\"><\/div>\n\n\n\n<div class=\"wp-block-column is-vertically-aligned-center is-layout-flow wp-block-column-is-layout-flow\" style=\"flex-basis:20%\"><\/div>\n\n\n\n<div class=\"wp-block-column is-vertically-aligned-center is-layout-flow wp-block-column-is-layout-flow\" style=\"flex-basis:20%\"><\/div>\n\n\n\n<div class=\"wp-block-column is-vertically-aligned-center is-layout-flow wp-block-column-is-layout-flow\" style=\"flex-basis:20%\"><\/div>\n\n\n\n<div class=\"wp-block-column is-vertically-aligned-center is-layout-flow wp-block-column-is-layout-flow\" style=\"flex-basis:20%\"><\/div>\n<\/div>\n<\/div>\n<\/div>\n\n\n\n<div class=\"wp-block-cover alignfull has-parallax is-position-center-center\" style=\"border-radius:0px\"><div class=\"wp-block-cover__image-background wp-image-307 has-parallax\" style=\"background-position:50% 50%;background-image:url(http:\/\/poussieredecomete.fr\/wp-content\/uploads\/2025\/02\/DSCN3039-scaled.jpg)\"><\/div><span aria-hidden=\"true\" class=\"wp-block-cover__background has-black-background-color has-background-dim-40 has-background-dim\"><\/span><div class=\"wp-block-cover__inner-container is-layout-flow wp-block-cover-is-layout-flow\">\n<div class=\"wp-block-group has-global-padding is-layout-constrained wp-block-group-is-layout-constrained\">\n<h3 class=\"wp-block-heading has-text-align-center has-text-color has-medium-font-size\" style=\"color:#fffffa;text-transform:uppercase\">Explorer la science<\/h3>\n\n\n\n<p class=\"has-text-align-center has-white-color has-text-color\">TRAVAILLONS ENSEMBLE !<\/p>\n\n\n\n<div style=\"height:31px\" aria-hidden=\"true\" class=\"wp-block-spacer\"><\/div>\n\n\n\n<div class=\"wp-block-buttons is-horizontal is-content-justification-center is-layout-flex wp-container-core-buttons-is-layout-03627597 wp-block-buttons-is-layout-flex\">\n<div class=\"wp-block-button is-style-outline is-style-outline--5\"><a class=\"wp-block-button__link has-white-color has-text-color wp-element-button\" href=\"https:\/?page_id=66\" style=\"border-radius:0px\">NOUS CONTACTER<\/a><\/div>\n<\/div>\n<\/div>\n<\/div><\/div>\n\n\n\n<div id=\"news\" class=\"wp-block-group has-global-padding is-layout-constrained wp-block-group-is-layout-constrained\">\n<div style=\"height:108px\" aria-hidden=\"true\" class=\"wp-block-spacer\"><\/div>\n\n\n\n<div style=\"height:33px\" aria-hidden=\"true\" class=\"wp-block-spacer\"><\/div>\n<\/div>\n\n\n\n<h2 class=\"wp-block-heading has-text-align-center\">Suivez bient\u00f4t nos aventures sur Instagram<\/h2>\n\n\n\n<p class=\"has-text-align-center\">@poussieredecomete<\/p>\n\n\n\n<p><\/p>\n","protected":false},"excerpt":{"rendered":"<p>Des \u00e9toiles plein les yeux, des sciences plein la t\u00eate. Notre but est de promouvoir le savoir et les discussions soci\u00e9tales autour de sujets scientifiques.Nos sujets de pr\u00e9dilections ? Les sciences de la Terre et de l&rsquo;environnement. D\u00e9couvrez nos offres d&rsquo;ateliers et nos prochains \u00e9v\u00e8nements Retrouvez prochainement nos ateliers destin\u00e9s [&hellip;]<\/p>\n","protected":false},"author":1,"featured_media":0,"parent":0,"menu_order":0,"comment_status":"closed","ping_status":"closed","template":"","meta":{"inspiro_page_layout":"narrow","inspiro_hide_title":false,"footnotes":""},"class_list":["post-64","page","type-page","status-publish","hentry"],"featured_media_urls":[],"_links":{"self":[{"href":"https:\/\/poussieredecomete.fr\/index.php?rest_route=\/wp\/v2\/pages\/64","targetHints":{"allow":["GET"]}}],"collection":[{"href":"https:\/\/poussieredecomete.fr\/index.php?rest_route=\/wp\/v2\/pages"}],"about":[{"href":"https:\/\/poussieredecomete.fr\/index.php?rest_route=\/wp\/v2\/types\/page"}],"author":[{"embeddable":true,"href":"https:\/\/poussieredecomete.fr\/index.php?rest_route=\/wp\/v2\/users\/1"}],"replies":[{"embeddable":true,"href":"https:\/\/poussieredecomete.fr\/index.php?rest_route=%2Fwp%2Fv2%2Fcomments&post=64"}],"version-history":[{"count":75,"href":"https:\/\/poussieredecomete.fr\/index.php?rest_route=\/wp\/v2\/pages\/64\/revisions"}],"predecessor-version":[{"id":654,"href":"https:\/\/poussieredecomete.fr\/index.php?rest_route=\/wp\/v2\/pages\/64\/revisions\/654"}],"wp:attachment":[{"href":"https:\/\/poussieredecomete.fr\/index.php?rest_route=%2Fwp%2Fv2%2Fmedia&parent=64"}],"curies":[{"name":"wp","href":"https:\/\/api.w.org\/{rel}","templated":true}]}}