{"id":270,"date":"2025-02-28T19:50:51","date_gmt":"2025-02-28T18:50:51","guid":{"rendered":"https:\/\/poussieredecomete.fr\/?page_id=270"},"modified":"2025-06-26T17:47:21","modified_gmt":"2025-06-26T15:47:21","slug":"ecoles-2","status":"publish","type":"page","link":"https:\/\/poussieredecomete.fr\/?page_id=270","title":{"rendered":"Scolaires"},"content":{"rendered":"\n<p><strong>Eveiller la curiosit\u00e9, transmettre des savoirs, d\u00e9velopper l\u2019esprit critique<\/strong><\/p>\n\n\n\n<p>Nous proposons des ateliers de m\u00e9diation scientifique adapt\u00e9s \u00e0 tous les niveaux scolaires, de la maternelle au lyc\u00e9e. Ces ateliers m\u00ealent rigueur scientifique, p\u00e9dagogie active et \u00e9merveillement pour faire d\u00e9couvrir les volcans, la g\u00e9ologie, les sciences de l\u2019environnement et les grands enjeux contemporains.<\/p>\n\n\n\n<p>Nos interventions s\u2019inscrivent en <strong>coh\u00e9rence avec les programmes de l\u2019\u00c9ducation nationale<\/strong>, tout en offrant une approche originale et interdisciplinaire.<\/p>\n\n\n\n<h3 class=\"wp-block-heading\"><strong>Modalit\u00e9s et fonctionnement<\/strong><\/h3>\n\n\n\n<svg xmlns=\"http:\/\/www.w3.org\/2000\/svg\" width=\"24\" height=\"24\" fill=\"none\" stroke=\"#666666\" stroke-width=\"2\" stroke-linecap=\"round\" stroke-linejoin=\"round\" class=\"icon icon-clock\">\n  <circle cx=\"12\" cy=\"12\" r=\"10\"\/>\n  <polyline points=\"12 6 12 12 16 14\"\/>\n<\/svg>\n1h \u00e0 3h par s\u00e9ance (adaptable selon les contraintes)\n\n\n\n<p><\/p>\n\n\n\n<svg xmlns=\"http:\/\/www.w3.org\/2000\/svg\" width=\"24\" height=\"24\" fill=\"none\" stroke=\"#666666\" stroke-width=\"2\" stroke-linecap=\"round\" stroke-linejoin=\"round\" class=\"icon icon-users\">\n  <path d=\"M17 21v-2a4 4 0 0 0-4-4H5a4 4 0 0 0-4 4v2\"\/>\n  <circle cx=\"9\" cy=\"7\" r=\"4\"\/>\n  <path d=\"M23 21v-2a4 4 0 0 0-3-3.87\"\/>\n  <path d=\"M16 3.13a4 4 0 0 1 0 7.75\"\/>\n<\/svg>\nDe la maternelle au lyc\u00e9e\n\n\n\n<p><\/p>\n\n\n\n<svg xmlns=\"http:\/\/www.w3.org\/2000\/svg\" width=\"24\" height=\"24\" fill=\"none\" stroke=\"#666666\" stroke-width=\"2\" stroke-linecap=\"round\" stroke-linejoin=\"round\" class=\"icon icon-location\">\n  <path d=\"M21 10c0 6-9 13-9 13s-9-7-9-13a9 9 0 1 1 18 0z\"\/>\n  <circle cx=\"12\" cy=\"10\" r=\"3\"\/>\n<\/svg>\nDans votre \u00e9tablissement ou dans des structures partenaires\n\n\n\n<p><\/p>\n\n\n\n<svg xmlns=\"http:\/\/www.w3.org\/2000\/svg\" width=\"24\" height=\"24\" fill=\"none\" stroke=\"#666666\" stroke-width=\"2\" stroke-linecap=\"round\" stroke-linejoin=\"round\" class=\"icon icon-toolkit\">\n  <rect x=\"2\" y=\"7\" width=\"20\" height=\"14\" rx=\"2\" ry=\"2\"\/>\n  <path d=\"M16 3h-8v4h8V3z\"\/>\n<\/svg>\nTout est fourni\n\n\n\n<p><\/p>\n\n\n\n<svg xmlns=\"http:\/\/www.w3.org\/2000\/svg\" width=\"24\" height=\"24\" fill=\"none\" stroke=\"#666666\" stroke-width=\"2\" stroke-linecap=\"round\" stroke-linejoin=\"round\" class=\"icon icon-price-tag\">\n  <path d=\"M20 12v7a2 2 0 0 1-2 2h-7l-8-8 9-9 8 8z\"\/>\n  <line x1=\"16\" y1=\"8\" x2=\"16.01\" y2=\"8\"\/>\n<\/svg>\nPrix sur demande, <style>\n  .contact-link {\n    color: #D19731;\n    text-decoration: none;\n  }\n  .contact-link:hover {\n    color: #a86f24;\n    text-decoration: underline;\n  }\n<\/style>\n\n<a href=\"https:\/\/poussieredecomete.fr\/?page_id=66\" class=\"contact-link\">nous contacter<\/a>\n\n\n\n\n<p><\/p>\n\n\n\n<h2 class=\"wp-block-heading\"><\/h2>\n\n\n\n<p>\ud83c\udf0b <strong>Ateliers volcans et g\u00e9ologie<\/strong><\/p>\n\n\n\n<p><br><strong>Maternelle &amp; \u00c9l\u00e9mentaire<\/strong><br>Des ateliers sensoriels et ludiques pour d\u00e9couvrir les roches, comprendre ce qu\u2019est un volcan, observer des \u00e9chantillons, manipuler, raconter des histoires de cailloux et de feu\u2026<br><em>Notre atelier : \u201cMission volcanologue\u201d \u2013 une volcanologue revient de mission avec des \u00e9chantillons myst\u00e9rieux\u2026 les \u00e9l\u00e8ves m\u00e8nent l\u2019enqu\u00eate !<\/em><\/p>\n\n\n\n<p><br><strong>Coll\u00e8ge &amp; Lyc\u00e9e<\/strong><br>Des ateliers approfondis sur le fonctionnement des volcans, les risques naturels, les m\u00e9canismes g\u00e9ologiques et la lecture de paysages.<br><em>Exemple : analyse de cas d\u2019\u00e9ruption, lecture de documents scientifiques, mod\u00e9lisation de ph\u00e9nom\u00e8nes volcaniques.<\/em><\/p>\n\n\n\n<p><\/p>\n\n\n\n<p><\/p>\n\n\n\n<p>\ud83c\udf31 <strong>Sciences de l\u2019environnement et du vivant<\/strong><\/p>\n\n\n\n<p><strong>Adaptables \u00e0 tous niveaux<\/strong><br>Des ateliers pour comprendre les cycles naturels (eau, sol, climat), la biodiversit\u00e9, les interactions entre \u00eatres vivants et milieux, ou encore les impacts des activit\u00e9s humaines.<br><em>Exemple : \u201cLes superpouvoirs du sol\u201d<\/em><\/p>\n\n\n\n<p><\/p>\n\n\n\n<p><\/p>\n\n\n\n<p><span style=\"caret-color: rgb(0, 0, 0); color: rgb(0, 0, 0); font-family: -webkit-standard; font-size: medium; white-space: normal;\">\ud83e\udde0<\/span>&nbsp;<strong>D\u00e9velopper l\u2019esprit critique<\/strong><\/p>\n\n\n\n<p><strong>Lyc\u00e9e<\/strong><br>Des ateliers pour apprendre \u00e0 d\u00e9crypter une information, diff\u00e9rencier fait et opinion, comprendre comment se construit une connaissance scientifique.<br><em>Nos ateliers : \u201cAttention, \u00e9ruption !\u201d, \u201cPourquoi les SVT ?\u201d<\/em><\/p>\n\n\n\n<p><\/p>\n\n\n\n<p>N&rsquo;h\u00e9sitez pas \u00e0 nous demander plus de d\u00e9tails sur nos ateliers en <a href=\"https:\/\/poussieredecomete.fr\/?page_id=66\" data-type=\"page\" data-id=\"66\"><mark style=\"background-color:rgba(0, 0, 0, 0)\" class=\"has-inline-color has-primary-color\">nous contactant<\/mark><\/a>. <\/p>\n\n\n\n<p><\/p>\n","protected":false},"excerpt":{"rendered":"<p>Eveiller la curiosit\u00e9, transmettre des savoirs, d\u00e9velopper l\u2019esprit critique Nous proposons des ateliers de m\u00e9diation scientifique adapt\u00e9s \u00e0 tous les niveaux scolaires, de la maternelle au lyc\u00e9e. Ces ateliers m\u00ealent rigueur scientifique, p\u00e9dagogie active et \u00e9merveillement pour faire d\u00e9couvrir les volcans, la g\u00e9ologie, les sciences de l\u2019environnement et les grands [&hellip;]<\/p>\n","protected":false},"author":1,"featured_media":157,"parent":0,"menu_order":0,"comment_status":"closed","ping_status":"closed","template":"","meta":{"inspiro_page_layout":"narrow","inspiro_hide_title":false,"footnotes":""},"class_list":["post-270","page","type-page","status-publish","has-post-thumbnail","hentry"],"featured_media_urls":{"thumbnail":["https:\/\/poussieredecomete.fr\/wp-content\/uploads\/2023\/11\/Islande-0589-150x150.jpg",150,150,true],"medium":["https:\/\/poussieredecomete.fr\/wp-content\/uploads\/2023\/11\/Islande-0589-300x200.jpg",300,200,true],"medium_large":["https:\/\/poussieredecomete.fr\/wp-content\/uploads\/2023\/11\/Islande-0589-scaled.jpg",768,512,false],"large":["https:\/\/poussieredecomete.fr\/wp-content\/uploads\/2023\/11\/Islande-0589-1024x683.jpg",930,620,true],"1536x1536":["https:\/\/poussieredecomete.fr\/wp-content\/uploads\/2023\/11\/Islande-0589-scaled.jpg",1536,1024,false],"2048x2048":["https:\/\/poussieredecomete.fr\/wp-content\/uploads\/2023\/11\/Islande-0589-scaled.jpg",2048,1366,false],"ultp_layout_landscape_large":["https:\/\/poussieredecomete.fr\/wp-content\/uploads\/2023\/11\/Islande-0589-scaled.jpg",1200,800,false],"ultp_layout_landscape":["https:\/\/poussieredecomete.fr\/wp-content\/uploads\/2023\/11\/Islande-0589-scaled.jpg",855,570,false],"ultp_layout_portrait":["https:\/\/poussieredecomete.fr\/wp-content\/uploads\/2023\/11\/Islande-0589-scaled.jpg",600,400,false],"ultp_layout_square":["https:\/\/poussieredecomete.fr\/wp-content\/uploads\/2023\/11\/Islande-0589-scaled.jpg",600,400,false],"featured":["https:\/\/poussieredecomete.fr\/wp-content\/uploads\/2023\/11\/Islande-0589-scaled.jpg",2000,1334,false],"featured@2x":["https:\/\/poussieredecomete.fr\/wp-content\/uploads\/2023\/11\/Islande-0589-scaled.jpg",2560,1707,false],"featured-small":["https:\/\/poussieredecomete.fr\/wp-content\/uploads\/2023\/11\/Islande-0589-scaled.jpg",1000,667,false],"recent-thumbnail":["https:\/\/poussieredecomete.fr\/wp-content\/uploads\/2023\/11\/Islande-0589-scaled.jpg",288,192,false],"recent-thumbnail-retina":["https:\/\/poussieredecomete.fr\/wp-content\/uploads\/2023\/11\/Islande-0589-scaled.jpg",576,384,false],"woo-featured":["https:\/\/poussieredecomete.fr\/wp-content\/uploads\/2023\/11\/Islande-0589-scaled.jpg",280,187,false],"entry-cover":["https:\/\/poussieredecomete.fr\/wp-content\/uploads\/2023\/11\/Islande-0589-scaled.jpg",1800,1200,false],"entry-cover@2x":["https:\/\/poussieredecomete.fr\/wp-content\/uploads\/2023\/11\/Islande-0589-scaled.jpg",2560,1707,false],"loop":["https:\/\/poussieredecomete.fr\/wp-content\/uploads\/2023\/11\/Islande-0589-scaled.jpg",480,320,false],"loop@2x":["https:\/\/poussieredecomete.fr\/wp-content\/uploads\/2023\/11\/Islande-0589-scaled.jpg",960,640,false],"portfolio-scroller-widget":["https:\/\/poussieredecomete.fr\/wp-content\/uploads\/2023\/11\/Islande-0589-scaled.jpg",840,560,false],"portfolio_item-thumbnail":["https:\/\/poussieredecomete.fr\/wp-content\/uploads\/2023\/11\/Islande-0589-600x400.jpg",600,400,true],"portfolio_item-thumbnail@2x":["https:\/\/poussieredecomete.fr\/wp-content\/uploads\/2023\/11\/Islande-0589-1200x800.jpg",1200,800,true],"portfolio_item-masonry":["https:\/\/poussieredecomete.fr\/wp-content\/uploads\/2023\/11\/Islande-0589-scaled.jpg",600,400,false],"portfolio_item-thumbnail_wide":["https:\/\/poussieredecomete.fr\/wp-content\/uploads\/2023\/11\/Islande-0589-scaled.jpg",900,600,false],"portfolio_item-thumbnail_wide_cinema":["https:\/\/poussieredecomete.fr\/wp-content\/uploads\/2023\/11\/Islande-0589-scaled.jpg",1125,750,false],"portfolio_item-thumbnail_cinema":["https:\/\/poussieredecomete.fr\/wp-content\/uploads\/2023\/11\/Islande-0589-scaled.jpg",502,335,false],"portfolio_item-thumbnail_portrait":["https:\/\/poussieredecomete.fr\/wp-content\/uploads\/2023\/11\/Islande-0589-scaled.jpg",600,400,false],"portfolio_item-thumbnail_square":["https:\/\/poussieredecomete.fr\/wp-content\/uploads\/2023\/11\/Islande-0589-scaled.jpg",800,533,false],"portfolio_item-masonry@2x":["https:\/\/poussieredecomete.fr\/wp-content\/uploads\/2023\/11\/Islande-0589-scaled.jpg",1200,800,false],"portfolio_item-thumbnail_portrait@2x":["https:\/\/poussieredecomete.fr\/wp-content\/uploads\/2023\/11\/Islande-0589-scaled.jpg",1200,800,false]},"_links":{"self":[{"href":"https:\/\/poussieredecomete.fr\/index.php?rest_route=\/wp\/v2\/pages\/270","targetHints":{"allow":["GET"]}}],"collection":[{"href":"https:\/\/poussieredecomete.fr\/index.php?rest_route=\/wp\/v2\/pages"}],"about":[{"href":"https:\/\/poussieredecomete.fr\/index.php?rest_route=\/wp\/v2\/types\/page"}],"author":[{"embeddable":true,"href":"https:\/\/poussieredecomete.fr\/index.php?rest_route=\/wp\/v2\/users\/1"}],"replies":[{"embeddable":true,"href":"https:\/\/poussieredecomete.fr\/index.php?rest_route=%2Fwp%2Fv2%2Fcomments&post=270"}],"version-history":[{"count":20,"href":"https:\/\/poussieredecomete.fr\/index.php?rest_route=\/wp\/v2\/pages\/270\/revisions"}],"predecessor-version":[{"id":591,"href":"https:\/\/poussieredecomete.fr\/index.php?rest_route=\/wp\/v2\/pages\/270\/revisions\/591"}],"wp:featuredmedia":[{"embeddable":true,"href":"https:\/\/poussieredecomete.fr\/index.php?rest_route=\/wp\/v2\/media\/157"}],"wp:attachment":[{"href":"https:\/\/poussieredecomete.fr\/index.php?rest_route=%2Fwp%2Fv2%2Fmedia&parent=270"}],"curies":[{"name":"wp","href":"https:\/\/api.w.org\/{rel}","templated":true}]}}