{"id":265,"date":"2025-02-28T19:45:32","date_gmt":"2025-02-28T18:45:32","guid":{"rendered":"https:\/\/poussieredecomete.fr\/?page_id=265"},"modified":"2026-02-02T22:30:07","modified_gmt":"2026-02-02T21:30:07","slug":"collectivites-et-entreprises","status":"publish","type":"page","link":"https:\/\/poussieredecomete.fr\/?page_id=265","title":{"rendered":"Collectivit\u00e9s &amp; Entreprises"},"content":{"rendered":"\n<h3 class=\"wp-block-heading\"><strong>Ateliers itin\u00e9rants : lire et comprendre son territoire<\/strong><\/h3>\n\n\n\n<p>Nous vous proposons des formats immersifs, en ext\u00e9rieur, pour d\u00e9couvrir les paysages, la d\u00e9couverte des esp\u00e8ces vivant sur nos berges, l\u2019histoire g\u00e9ologique locale, les ressources naturelles et les risques environnementaux (sols, inondations, etc.).<\/p>\n\n\n\n<p><em>Actuellement<\/em>, nous proposons <strong>un atelier de 2h le long de la Marne, avec un d\u00e9part depuis la Mairie de Saint-Maur-des-Foss\u00e9s. <\/strong><\/p>\n\n\n\n<h3 class=\"wp-block-heading\"><strong>Modalit\u00e9s<\/strong><\/h3>\n\n\n\n<p><img decoding=\"async\" src=\"https:\/\/cdn.prod.website-files.com\/63e10c3e2b74e4ebeae84b65\/63e4f98ce6f8895055916e15_clock%20(3).svg\" alt=\"\"> 2h<\/p>\n\n\n\n<svg xmlns=\"http:\/\/www.w3.org\/2000\/svg\" width=\"24\" height=\"24\" fill=\"none\" stroke=\"#666666\" stroke-width=\"2\" stroke-linecap=\"round\" stroke-linejoin=\"round\" class=\"icon icon-location\">\n  <path d=\"M21 10c0 6-9 13-9 13s-9-7-9-13a9 9 0 1 1 18 0z\"\/>\n  <circle cx=\"12\" cy=\"10\" r=\"3\"\/>\n<\/svg> En ext\u00e9rieur\n\n\n\n<p><\/p>\n\n\n\n<svg xmlns=\"http:\/\/www.w3.org\/2000\/svg\" width=\"24\" height=\"24\" fill=\"none\" stroke=\"#666666\" stroke-width=\"2\" stroke-linecap=\"round\" stroke-linejoin=\"round\" class=\"icon icon-users\">\n  <path d=\"M17 21v-2a4 4 0 0 0-4-4H5a4 4 0 0 0-4 4v2\"\/>\n  <circle cx=\"9\" cy=\"7\" r=\"4\"\/>\n  <path d=\"M23 21v-2a4 4 0 0 0-3-3.87\"\/>\n  <path d=\"M16 3.13a4 4 0 0 1 0 7.75\"\/>\n<\/svg> Equipes, \u00e9lu\u00b7es, salari\u00e9\u00b7es, usagers\n\n\n\n<p><\/p>\n\n\n\n<svg xmlns=\"http:\/\/www.w3.org\/2000\/svg\" width=\"24\" height=\"24\" fill=\"none\" stroke=\"#666666\" stroke-width=\"2\" stroke-linecap=\"round\" stroke-linejoin=\"round\" class=\"icon icon-document\">\n  <path d=\"M4 4h12l4 4v12a2 2 0 0 1-2 2H4a2 2 0 0 1-2-2V6a2 2 0 0 1 2-2z\"\/>\n  <polyline points=\"16 2 16 8 22 8\"\/>\n<\/svg>\nAteliers sur mesure ou catalogue\n\n\n\n<p><\/p>\n\n\n\n<svg xmlns=\"http:\/\/www.w3.org\/2000\/svg\" width=\"24\" height=\"24\" fill=\"none\" stroke=\"#666666\" stroke-width=\"2\" stroke-linecap=\"round\" stroke-linejoin=\"round\" class=\"icon icon-price-tag\">\n  <path d=\"M20 12v7a2 2 0 0 1-2 2h-7l-8-8 9-9 8 8z\"\/>\n  <line x1=\"16\" y1=\"8\" x2=\"16.01\" y2=\"8\"\/>\n<\/svg>\nSur devis, <style>\n  .contact-link {\n    color: #D19731;\n    text-decoration: none;\n  }\n  .contact-link:hover {\n    color: #a86f24;\n    text-decoration: underline;\n  }\n<\/style>\n\n<a href=\"https:\/\/poussieredecomete.fr\/?page_id=66\" class=\"contact-link\">nous contacter<\/a>\n\n\n\n<p><\/p>\n\n\n\n<ul class=\"wp-block-list\">\n<li><\/li>\n<\/ul>\n\n\n\n<hr class=\"wp-block-separator has-alpha-channel-opacity\"\/>\n\n\n\n<h3 class=\"wp-block-heading\"><strong>Sensibilisation scientifique et esprit critique<\/strong><\/h3>\n\n\n\n<p>Ces ateliers peuvent aussi prendre la forme de conf\u00e9rences interactives, de jeux collaboratifs ou de formations pour renforcer la culture scientifique, l\u2019analyse critique et la capacit\u00e9 \u00e0 d\u00e9battre de mani\u00e8re inform\u00e9e sur les grands enjeux actuels (climat, sol, biodiversit\u00e9, d\u00e9sinformation\u2026).<\/p>\n\n\n\n<p>Pour plus d&rsquo;informations sur les collaborations possibles, veuillez <a href=\"https:\/\/poussieredecomete.fr\/?page_id=66\" data-type=\"page\" data-id=\"66\"><mark style=\"background-color:rgba(0, 0, 0, 0)\" class=\"has-inline-color has-primary-color\">nous contacter<\/mark><\/a>. <\/p>\n\n\n\n<hr class=\"wp-block-separator has-alpha-channel-opacity\"\/>\n\n\n\n<h3 class=\"wp-block-heading\"><strong>Fresque du Sol<\/strong><\/h3>\n\n\n\n<p>Nous animons la&nbsp;<strong><mark style=\"background-color:rgba(0, 0, 0, 0)\" class=\"has-inline-color has-primary-color\">Fresque du Sol<\/mark><\/strong>, un atelier collaboratif bas\u00e9 sur l\u2019intelligence collective, pour comprendre les fonctions \u00e9cologiques des sols, leurs menaces, et les leviers d\u2019action pour les pr\u00e9server.<br>Accessible \u00e0 toutes et tous, ce format favorise les \u00e9changes, la prise de conscience et l\u2019engagement. Retrouvez toutes les modalit\u00e9s sur la <a href=\"https:\/\/poussieredecomete.fr\/?page_id=260\" data-type=\"page\" data-id=\"260\"><mark style=\"background-color:rgba(0, 0, 0, 0)\" class=\"has-inline-color has-primary-color\">page d\u00e9di\u00e9e \u00e0 cet atelier<\/mark><\/a>. <\/p>\n\n\n\n<p><a href=\"https:\/\/fresquedusol.com\"><mark style=\"background-color:rgba(0, 0, 0, 0)\" class=\"has-inline-color has-primary-color\">Lien vers la page officielle de la Fresque du Sol. <\/mark><\/a><\/p>\n\n\n\n<hr class=\"wp-block-separator has-alpha-channel-opacity\"\/>\n\n\n\n<p><\/p>\n","protected":false},"excerpt":{"rendered":"<p>Ateliers itin\u00e9rants : lire et comprendre son territoire Nous vous proposons des formats immersifs, en ext\u00e9rieur, pour d\u00e9couvrir les paysages, la d\u00e9couverte des esp\u00e8ces vivant sur nos berges, l\u2019histoire g\u00e9ologique locale, les ressources naturelles et les risques environnementaux (sols, inondations, etc.). Actuellement, nous proposons un atelier de 2h le long [&hellip;]<\/p>\n","protected":false},"author":1,"featured_media":156,"parent":0,"menu_order":0,"comment_status":"closed","ping_status":"closed","template":"","meta":{"inspiro_page_layout":"narrow","inspiro_hide_title":false,"footnotes":""},"class_list":["post-265","page","type-page","status-publish","has-post-thumbnail","hentry"],"featured_media_urls":{"thumbnail":["https:\/\/poussieredecomete.fr\/wp-content\/uploads\/2023\/11\/Islande-0435-150x150.jpg",150,150,true],"medium":["https:\/\/poussieredecomete.fr\/wp-content\/uploads\/2023\/11\/Islande-0435-300x200.jpg",300,200,true],"medium_large":["https:\/\/poussieredecomete.fr\/wp-content\/uploads\/2023\/11\/Islande-0435-scaled.jpg",768,512,false],"large":["https:\/\/poussieredecomete.fr\/wp-content\/uploads\/2023\/11\/Islande-0435-1024x683.jpg",930,620,true],"1536x1536":["https:\/\/poussieredecomete.fr\/wp-content\/uploads\/2023\/11\/Islande-0435-scaled-1536x1024.jpg",1536,1024,true],"2048x2048":["https:\/\/poussieredecomete.fr\/wp-content\/uploads\/2023\/11\/Islande-0435-scaled-2048x1366.jpg",2048,1366,true],"ultp_layout_landscape_large":["https:\/\/poussieredecomete.fr\/wp-content\/uploads\/2023\/11\/Islande-0435-scaled.jpg",1200,800,false],"ultp_layout_landscape":["https:\/\/poussieredecomete.fr\/wp-content\/uploads\/2023\/11\/Islande-0435-scaled.jpg",855,570,false],"ultp_layout_portrait":["https:\/\/poussieredecomete.fr\/wp-content\/uploads\/2023\/11\/Islande-0435-scaled.jpg",600,400,false],"ultp_layout_square":["https:\/\/poussieredecomete.fr\/wp-content\/uploads\/2023\/11\/Islande-0435-scaled.jpg",600,400,false],"featured":["https:\/\/poussieredecomete.fr\/wp-content\/uploads\/2023\/11\/Islande-0435-scaled.jpg",2000,1334,false],"featured@2x":["https:\/\/poussieredecomete.fr\/wp-content\/uploads\/2023\/11\/Islande-0435-scaled.jpg",2560,1707,false],"featured-small":["https:\/\/poussieredecomete.fr\/wp-content\/uploads\/2023\/11\/Islande-0435-scaled.jpg",1000,667,false],"recent-thumbnail":["https:\/\/poussieredecomete.fr\/wp-content\/uploads\/2023\/11\/Islande-0435-scaled.jpg",288,192,false],"recent-thumbnail-retina":["https:\/\/poussieredecomete.fr\/wp-content\/uploads\/2023\/11\/Islande-0435-scaled.jpg",576,384,false],"woo-featured":["https:\/\/poussieredecomete.fr\/wp-content\/uploads\/2023\/11\/Islande-0435-scaled.jpg",280,187,false],"entry-cover":["https:\/\/poussieredecomete.fr\/wp-content\/uploads\/2023\/11\/Islande-0435-scaled.jpg",1800,1200,false],"entry-cover@2x":["https:\/\/poussieredecomete.fr\/wp-content\/uploads\/2023\/11\/Islande-0435-scaled.jpg",2560,1707,false],"loop":["https:\/\/poussieredecomete.fr\/wp-content\/uploads\/2023\/11\/Islande-0435-scaled.jpg",480,320,false],"loop@2x":["https:\/\/poussieredecomete.fr\/wp-content\/uploads\/2023\/11\/Islande-0435-scaled.jpg",960,640,false],"portfolio-scroller-widget":["https:\/\/poussieredecomete.fr\/wp-content\/uploads\/2023\/11\/Islande-0435-scaled.jpg",840,560,false],"portfolio_item-thumbnail":["https:\/\/poussieredecomete.fr\/wp-content\/uploads\/2023\/11\/Islande-0435-600x400.jpg",600,400,true],"portfolio_item-thumbnail@2x":["https:\/\/poussieredecomete.fr\/wp-content\/uploads\/2023\/11\/Islande-0435-1200x800.jpg",1200,800,true],"portfolio_item-masonry":["https:\/\/poussieredecomete.fr\/wp-content\/uploads\/2023\/11\/Islande-0435-scaled-600x400.jpg",600,400,true],"portfolio_item-thumbnail_wide":["https:\/\/poussieredecomete.fr\/wp-content\/uploads\/2023\/11\/Islande-0435-scaled.jpg",900,600,false],"portfolio_item-thumbnail_wide_cinema":["https:\/\/poussieredecomete.fr\/wp-content\/uploads\/2023\/11\/Islande-0435-scaled.jpg",1125,750,false],"portfolio_item-thumbnail_cinema":["https:\/\/poussieredecomete.fr\/wp-content\/uploads\/2023\/11\/Islande-0435-scaled-800x335.jpg",800,335,true],"portfolio_item-thumbnail_portrait":["https:\/\/poussieredecomete.fr\/wp-content\/uploads\/2023\/11\/Islande-0435-scaled-600x900.jpg",600,900,true],"portfolio_item-thumbnail_square":["https:\/\/poussieredecomete.fr\/wp-content\/uploads\/2023\/11\/Islande-0435-scaled-800x800.jpg",800,800,true],"portfolio_item-masonry@2x":["https:\/\/poussieredecomete.fr\/wp-content\/uploads\/2023\/11\/Islande-0435-scaled-1200x800.jpg",1200,800,true],"portfolio_item-thumbnail_portrait@2x":["https:\/\/poussieredecomete.fr\/wp-content\/uploads\/2023\/11\/Islande-0435-scaled-1200x1707.jpg",1200,1707,true]},"_links":{"self":[{"href":"https:\/\/poussieredecomete.fr\/index.php?rest_route=\/wp\/v2\/pages\/265","targetHints":{"allow":["GET"]}}],"collection":[{"href":"https:\/\/poussieredecomete.fr\/index.php?rest_route=\/wp\/v2\/pages"}],"about":[{"href":"https:\/\/poussieredecomete.fr\/index.php?rest_route=\/wp\/v2\/types\/page"}],"author":[{"embeddable":true,"href":"https:\/\/poussieredecomete.fr\/index.php?rest_route=\/wp\/v2\/users\/1"}],"replies":[{"embeddable":true,"href":"https:\/\/poussieredecomete.fr\/index.php?rest_route=%2Fwp%2Fv2%2Fcomments&post=265"}],"version-history":[{"count":21,"href":"https:\/\/poussieredecomete.fr\/index.php?rest_route=\/wp\/v2\/pages\/265\/revisions"}],"predecessor-version":[{"id":667,"href":"https:\/\/poussieredecomete.fr\/index.php?rest_route=\/wp\/v2\/pages\/265\/revisions\/667"}],"wp:featuredmedia":[{"embeddable":true,"href":"https:\/\/poussieredecomete.fr\/index.php?rest_route=\/wp\/v2\/media\/156"}],"wp:attachment":[{"href":"https:\/\/poussieredecomete.fr\/index.php?rest_route=%2Fwp%2Fv2%2Fmedia&parent=265"}],"curies":[{"name":"wp","href":"https:\/\/api.w.org\/{rel}","templated":true}]}}