{"id":260,"date":"2025-02-28T19:42:03","date_gmt":"2025-02-28T18:42:03","guid":{"rendered":"https:\/\/poussieredecomete.fr\/?page_id=260"},"modified":"2025-06-26T17:42:07","modified_gmt":"2025-06-26T15:42:07","slug":"fresques","status":"publish","type":"page","link":"https:\/\/poussieredecomete.fr\/?page_id=260","title":{"rendered":"Fresques"},"content":{"rendered":"\n<figure class=\"wp-block-image aligncenter size-full is-resized\"><img fetchpriority=\"high\" decoding=\"async\" width=\"768\" height=\"266\" src=\"https:\/\/poussieredecomete.fr\/wp-content\/uploads\/2025\/06\/cropped-cropped-fds_logo_rvb-768x266.png.webp\" alt=\"\" class=\"wp-image-420\" style=\"width:626px;height:auto\" srcset=\"https:\/\/poussieredecomete.fr\/wp-content\/uploads\/2025\/06\/cropped-cropped-fds_logo_rvb-768x266.png.webp 768w, https:\/\/poussieredecomete.fr\/wp-content\/uploads\/2025\/06\/cropped-cropped-fds_logo_rvb-768x266.png-300x104.webp 300w, https:\/\/poussieredecomete.fr\/wp-content\/uploads\/2025\/06\/cropped-cropped-fds_logo_rvb-768x266.png-600x208.webp 600w\" sizes=\"(max-width: 768px) 100vw, 768px\" \/><\/figure>\n\n\n\n<p class=\"has-text-align-center\">Organisez une fresque du sol dans votre \u00e9cole, votre entreprise ou pour un \u00e9v\u00e8nement avec votre association ou vos ami\u00b7e\u00b7s. Un atelier de r\u00e9f\u00e9rence pour acc\u00e9l\u00e9rer la diffusion des connaissances li\u00e9es aux sols et \u00e0 leurs enjeux, de fa\u00e7on cr\u00e9ative et participative !<\/p>\n\n\n\n<ul class=\"wp-block-list\">\n<li>Sessions collectives et hyper-interactives, 8 personnes par animateur<\/li>\n\n\n\n<li>Animateurs agr\u00e9\u00e9s par l&rsquo;Association Fran\u00e7aise pour l&rsquo;Etude du Sol (AFES)<\/li>\n\n\n\n<li>En 3 heures et en groupe, la Fresque du sol permet de sensibiliser et comprendre les enjeux des sols, bas\u00e9 sur le travail d&rsquo;un collectif de 38 experts<\/li>\n\n\n\n<li>Interventions ponctuelles (type s\u00e9minaires, team-buidling, \u00e9v\u00e8nement priv\u00e9) ou d\u00e9ploiements inter-\u00e9quipes<\/li>\n<\/ul>\n\n\n\n<p><img decoding=\"async\" src=\"https:\/\/cdn.prod.website-files.com\/63e10c3e2b74e4ebeae84b65\/63e4f98ce6f8895055916e15_clock%20(3).svg\" alt=\"\"> 3 heures<\/p>\n\n\n\n<p><img decoding=\"async\" src=\"https:\/\/cdn.prod.website-files.com\/63e10c3e2b74e4ebeae84b65\/63e503fb5d41d1b7f72824a3_Group%201135.svg\" alt=\"\"> Groupes de 8 personnes maximum \/ animateur<\/p>\n\n\n\n<p><img decoding=\"async\" src=\"https:\/\/cdn.prod.website-files.com\/63e10c3e2b74e4ebeae84b65\/63e4f98dfb831535a9ddd8fe_Stroke%20icons.svg\" alt=\"\"> Pr\u00e9sentiel : Paris, \u00eele de France, Normandie<\/p>\n\n\n\n<p><img decoding=\"async\" src=\"https:\/\/cdn.prod.website-files.com\/63e10c3e2b74e4ebeae84b65\/63e4f98dfb831535a9ddd8fe_Stroke%20icons.svg\" alt=\"\"> Distanciel : Partout en France<\/p>\n\n\n\n<p>Pour toutes questions et demandes de devis, <strong><a href=\"https:\/\/poussieredecomete.fr\/?page_id=66\" data-type=\"page\" data-id=\"66\"><mark style=\"background-color:rgba(0, 0, 0, 0)\" class=\"has-inline-color has-primary-color\">contactez-nous<\/mark><\/a><\/strong> sans h\u00e9siter.<\/p>\n\n\n\n<p><a href=\"https:\/\/fresquedusol.com\"><mark style=\"background-color:rgba(0, 0, 0, 0)\" class=\"has-inline-color has-primary-color\">Lien vers la page officielle de la Fresque du Sol. <\/mark><\/a><\/p>\n\n\n\n<p><\/p>\n","protected":false},"excerpt":{"rendered":"<p>Organisez une fresque du sol dans votre \u00e9cole, votre entreprise ou pour un \u00e9v\u00e8nement avec votre association ou vos ami\u00b7e\u00b7s. Un atelier de r\u00e9f\u00e9rence pour acc\u00e9l\u00e9rer la diffusion des connaissances li\u00e9es aux sols et \u00e0 leurs enjeux, de fa\u00e7on cr\u00e9ative et participative ! 3 heures Groupes de 8 personnes maximum [&hellip;]<\/p>\n","protected":false},"author":1,"featured_media":165,"parent":0,"menu_order":0,"comment_status":"closed","ping_status":"closed","template":"","meta":{"inspiro_page_layout":"narrow","inspiro_hide_title":false,"footnotes":""},"class_list":["post-260","page","type-page","status-publish","has-post-thumbnail","hentry"],"featured_media_urls":{"thumbnail":["https:\/\/poussieredecomete.fr\/wp-content\/uploads\/2023\/11\/Islande-1416-150x150.jpg",150,150,true],"medium":["https:\/\/poussieredecomete.fr\/wp-content\/uploads\/2023\/11\/Islande-1416-300x200.jpg",300,200,true],"medium_large":["https:\/\/poussieredecomete.fr\/wp-content\/uploads\/2023\/11\/Islande-1416-scaled.jpg",768,512,false],"large":["https:\/\/poussieredecomete.fr\/wp-content\/uploads\/2023\/11\/Islande-1416-1024x683.jpg",930,620,true],"1536x1536":["https:\/\/poussieredecomete.fr\/wp-content\/uploads\/2023\/11\/Islande-1416-scaled.jpg",1536,1024,false],"2048x2048":["https:\/\/poussieredecomete.fr\/wp-content\/uploads\/2023\/11\/Islande-1416-scaled.jpg",2048,1366,false],"ultp_layout_landscape_large":["https:\/\/poussieredecomete.fr\/wp-content\/uploads\/2023\/11\/Islande-1416-scaled.jpg",1200,800,false],"ultp_layout_landscape":["https:\/\/poussieredecomete.fr\/wp-content\/uploads\/2023\/11\/Islande-1416-scaled.jpg",855,570,false],"ultp_layout_portrait":["https:\/\/poussieredecomete.fr\/wp-content\/uploads\/2023\/11\/Islande-1416-scaled.jpg",600,400,false],"ultp_layout_square":["https:\/\/poussieredecomete.fr\/wp-content\/uploads\/2023\/11\/Islande-1416-scaled.jpg",600,400,false],"featured":["https:\/\/poussieredecomete.fr\/wp-content\/uploads\/2023\/11\/Islande-1416-scaled.jpg",2000,1334,false],"featured@2x":["https:\/\/poussieredecomete.fr\/wp-content\/uploads\/2023\/11\/Islande-1416-scaled.jpg",2560,1707,false],"featured-small":["https:\/\/poussieredecomete.fr\/wp-content\/uploads\/2023\/11\/Islande-1416-scaled.jpg",1000,667,false],"recent-thumbnail":["https:\/\/poussieredecomete.fr\/wp-content\/uploads\/2023\/11\/Islande-1416-scaled.jpg",288,192,false],"recent-thumbnail-retina":["https:\/\/poussieredecomete.fr\/wp-content\/uploads\/2023\/11\/Islande-1416-scaled.jpg",576,384,false],"woo-featured":["https:\/\/poussieredecomete.fr\/wp-content\/uploads\/2023\/11\/Islande-1416-scaled.jpg",280,187,false],"entry-cover":["https:\/\/poussieredecomete.fr\/wp-content\/uploads\/2023\/11\/Islande-1416-scaled.jpg",1800,1200,false],"entry-cover@2x":["https:\/\/poussieredecomete.fr\/wp-content\/uploads\/2023\/11\/Islande-1416-scaled.jpg",2560,1707,false],"loop":["https:\/\/poussieredecomete.fr\/wp-content\/uploads\/2023\/11\/Islande-1416-scaled.jpg",480,320,false],"loop@2x":["https:\/\/poussieredecomete.fr\/wp-content\/uploads\/2023\/11\/Islande-1416-scaled.jpg",960,640,false],"portfolio-scroller-widget":["https:\/\/poussieredecomete.fr\/wp-content\/uploads\/2023\/11\/Islande-1416-scaled.jpg",840,560,false],"portfolio_item-thumbnail":["https:\/\/poussieredecomete.fr\/wp-content\/uploads\/2023\/11\/Islande-1416-600x400.jpg",600,400,true],"portfolio_item-thumbnail@2x":["https:\/\/poussieredecomete.fr\/wp-content\/uploads\/2023\/11\/Islande-1416-1200x800.jpg",1200,800,true],"portfolio_item-masonry":["https:\/\/poussieredecomete.fr\/wp-content\/uploads\/2023\/11\/Islande-1416-scaled.jpg",600,400,false],"portfolio_item-thumbnail_wide":["https:\/\/poussieredecomete.fr\/wp-content\/uploads\/2023\/11\/Islande-1416-scaled.jpg",900,600,false],"portfolio_item-thumbnail_wide_cinema":["https:\/\/poussieredecomete.fr\/wp-content\/uploads\/2023\/11\/Islande-1416-scaled.jpg",1125,750,false],"portfolio_item-thumbnail_cinema":["https:\/\/poussieredecomete.fr\/wp-content\/uploads\/2023\/11\/Islande-1416-scaled.jpg",502,335,false],"portfolio_item-thumbnail_portrait":["https:\/\/poussieredecomete.fr\/wp-content\/uploads\/2023\/11\/Islande-1416-scaled.jpg",600,400,false],"portfolio_item-thumbnail_square":["https:\/\/poussieredecomete.fr\/wp-content\/uploads\/2023\/11\/Islande-1416-scaled.jpg",800,533,false],"portfolio_item-masonry@2x":["https:\/\/poussieredecomete.fr\/wp-content\/uploads\/2023\/11\/Islande-1416-scaled.jpg",1200,800,false],"portfolio_item-thumbnail_portrait@2x":["https:\/\/poussieredecomete.fr\/wp-content\/uploads\/2023\/11\/Islande-1416-scaled.jpg",1200,800,false]},"_links":{"self":[{"href":"https:\/\/poussieredecomete.fr\/index.php?rest_route=\/wp\/v2\/pages\/260","targetHints":{"allow":["GET"]}}],"collection":[{"href":"https:\/\/poussieredecomete.fr\/index.php?rest_route=\/wp\/v2\/pages"}],"about":[{"href":"https:\/\/poussieredecomete.fr\/index.php?rest_route=\/wp\/v2\/types\/page"}],"author":[{"embeddable":true,"href":"https:\/\/poussieredecomete.fr\/index.php?rest_route=\/wp\/v2\/users\/1"}],"replies":[{"embeddable":true,"href":"https:\/\/poussieredecomete.fr\/index.php?rest_route=%2Fwp%2Fv2%2Fcomments&post=260"}],"version-history":[{"count":12,"href":"https:\/\/poussieredecomete.fr\/index.php?rest_route=\/wp\/v2\/pages\/260\/revisions"}],"predecessor-version":[{"id":663,"href":"https:\/\/poussieredecomete.fr\/index.php?rest_route=\/wp\/v2\/pages\/260\/revisions\/663"}],"wp:featuredmedia":[{"embeddable":true,"href":"https:\/\/poussieredecomete.fr\/index.php?rest_route=\/wp\/v2\/media\/165"}],"wp:attachment":[{"href":"https:\/\/poussieredecomete.fr\/index.php?rest_route=%2Fwp%2Fv2%2Fmedia&parent=260"}],"curies":[{"name":"wp","href":"https:\/\/api.w.org\/{rel}","templated":true}]}}