{"id":136,"date":"2023-11-28T17:18:59","date_gmt":"2023-11-28T16:18:59","guid":{"rendered":"https:\/?page_id=136"},"modified":"2026-02-02T22:26:41","modified_gmt":"2026-02-02T21:26:41","slug":"ateliers","status":"publish","type":"page","link":"https:\/\/poussieredecomete.fr\/?page_id=136","title":{"rendered":"Ateliers"},"content":{"rendered":"\n<p>Poussi\u00e8re de com\u00e8te propose des ateliers de m\u00e9diation scientifique pour tous les publics <strong><a href=\"https:\/\/poussieredecomete.fr\/?page_id=270\"><mark style=\"background-color:rgba(0, 0, 0, 0)\" class=\"has-inline-color has-primary-color\">scolaires<\/mark><\/a><\/strong> et extra-scolaires, de la maternelle au lyc\u00e9e, autour des sciences de la Terre et de l\u2019environnement, avec toujours comme point d&rsquo;ancrage le d\u00e9veloppement de l&rsquo;esprit critique et l&rsquo;\u00e9merveillement du monde qui nous entoure.<\/p>\n\n\n\n<p><br>Nous intervenons \u00e9galement aupr\u00e8s des <strong><a href=\"https:\/\/poussieredecomete.fr\/?page_id=265\"><mark style=\"background-color:rgba(0, 0, 0, 0)\" class=\"has-inline-color has-primary-color\">entreprises et des collectivit\u00e9s<\/mark><\/a><\/strong>, avec des formats itin\u00e9rants pour apprendre \u00e0 conna\u00eetre et comprendre son territoire, ses paysages, ses risques naturels et ses richesses : sols, v\u00e9g\u00e9tations, rivi\u00e8res, g\u00e9ologie.<\/p>\n\n\n\n<p><br>Enfin, pour tout le monde : les scolaires, les entreprises (team building), les collectivit\u00e9s et le tout public (anniversaires, c\u00e9l\u00e9brations, EVG, EVJF, etc.), nous animons la\u00a0<strong><a href=\"https:\/\/poussieredecomete.fr\/?page_id=260\"><mark style=\"background-color:rgba(0, 0, 0, 0)\" class=\"has-inline-color has-primary-color\">Fresque du Sol<\/mark><\/a><\/strong>, un atelier collaboratif pour explorer les enjeux li\u00e9s aux sols, \u00e0 leurs fonctions et aux services qu\u2019ils rendent. Mais aussi <strong><a href=\"https:\/\/poussieredecomete.fr\/?page_id=656\" data-type=\"page\" data-id=\"656\"><mark style=\"background-color:rgba(0, 0, 0, 0)\" class=\"has-inline-color has-primary-color\">Marche du Temps Profond<\/mark><\/a><\/strong>, une promenade guid\u00e9e de 4,6 km pour traverser les 4,6 milliards d&rsquo;ann\u00e9es de vie de notre Terre. <\/p>\n\n\n\n<p>Retrouvez le d\u00e9tails des prestations sur les pages associ\u00e9es. <\/p>\n\n\n\n<p>Pour toutes questions ou devis, <strong><a href=\"https:\/\/poussieredecomete.fr\/?page_id=66\"><mark style=\"background-color:rgba(0, 0, 0, 0)\" class=\"has-inline-color has-primary-color\">contactez-nous<\/mark><\/a><\/strong> sans h\u00e9siter !<\/p>\n\n\n\n<p><\/p>\n","protected":false},"excerpt":{"rendered":"<p>Poussi\u00e8re de com\u00e8te propose des ateliers de m\u00e9diation scientifique pour tous les publics scolaires et extra-scolaires, de la maternelle au lyc\u00e9e, autour des sciences de la Terre et de l\u2019environnement, avec toujours comme point d&rsquo;ancrage le d\u00e9veloppement de l&rsquo;esprit critique et l&rsquo;\u00e9merveillement du monde qui nous entoure. Nous intervenons \u00e9galement [&hellip;]<\/p>\n","protected":false},"author":1,"featured_media":161,"parent":0,"menu_order":0,"comment_status":"closed","ping_status":"closed","template":"","meta":{"inspiro_page_layout":"narrow","inspiro_hide_title":false,"footnotes":""},"class_list":["post-136","page","type-page","status-publish","has-post-thumbnail","hentry"],"featured_media_urls":{"thumbnail":["https:\/\/poussieredecomete.fr\/wp-content\/uploads\/2023\/11\/Islande-0782-150x150.jpg",150,150,true],"medium":["https:\/\/poussieredecomete.fr\/wp-content\/uploads\/2023\/11\/Islande-0782-300x200.jpg",300,200,true],"medium_large":["https:\/\/poussieredecomete.fr\/wp-content\/uploads\/2023\/11\/Islande-0782-scaled.jpg",768,512,false],"large":["https:\/\/poussieredecomete.fr\/wp-content\/uploads\/2023\/11\/Islande-0782-1024x683.jpg",930,620,true],"1536x1536":["https:\/\/poussieredecomete.fr\/wp-content\/uploads\/2023\/11\/Islande-0782-scaled-1536x1024.jpg",1536,1024,true],"2048x2048":["https:\/\/poussieredecomete.fr\/wp-content\/uploads\/2023\/11\/Islande-0782-scaled-2048x1366.jpg",2048,1366,true],"ultp_layout_landscape_large":["https:\/\/poussieredecomete.fr\/wp-content\/uploads\/2023\/11\/Islande-0782-scaled.jpg",1200,800,false],"ultp_layout_landscape":["https:\/\/poussieredecomete.fr\/wp-content\/uploads\/2023\/11\/Islande-0782-scaled.jpg",855,570,false],"ultp_layout_portrait":["https:\/\/poussieredecomete.fr\/wp-content\/uploads\/2023\/11\/Islande-0782-scaled.jpg",600,400,false],"ultp_layout_square":["https:\/\/poussieredecomete.fr\/wp-content\/uploads\/2023\/11\/Islande-0782-scaled.jpg",600,400,false],"featured":["https:\/\/poussieredecomete.fr\/wp-content\/uploads\/2023\/11\/Islande-0782-scaled.jpg",2000,1334,false],"featured@2x":["https:\/\/poussieredecomete.fr\/wp-content\/uploads\/2023\/11\/Islande-0782-scaled.jpg",2560,1707,false],"featured-small":["https:\/\/poussieredecomete.fr\/wp-content\/uploads\/2023\/11\/Islande-0782-scaled.jpg",1000,667,false],"recent-thumbnail":["https:\/\/poussieredecomete.fr\/wp-content\/uploads\/2023\/11\/Islande-0782-scaled.jpg",288,192,false],"recent-thumbnail-retina":["https:\/\/poussieredecomete.fr\/wp-content\/uploads\/2023\/11\/Islande-0782-scaled.jpg",576,384,false],"woo-featured":["https:\/\/poussieredecomete.fr\/wp-content\/uploads\/2023\/11\/Islande-0782-scaled.jpg",280,187,false],"entry-cover":["https:\/\/poussieredecomete.fr\/wp-content\/uploads\/2023\/11\/Islande-0782-scaled.jpg",1800,1200,false],"entry-cover@2x":["https:\/\/poussieredecomete.fr\/wp-content\/uploads\/2023\/11\/Islande-0782-scaled.jpg",2560,1707,false],"loop":["https:\/\/poussieredecomete.fr\/wp-content\/uploads\/2023\/11\/Islande-0782-scaled.jpg",480,320,false],"loop@2x":["https:\/\/poussieredecomete.fr\/wp-content\/uploads\/2023\/11\/Islande-0782-scaled.jpg",960,640,false],"portfolio-scroller-widget":["https:\/\/poussieredecomete.fr\/wp-content\/uploads\/2023\/11\/Islande-0782-scaled.jpg",840,560,false],"portfolio_item-thumbnail":["https:\/\/poussieredecomete.fr\/wp-content\/uploads\/2023\/11\/Islande-0782-600x400.jpg",600,400,true],"portfolio_item-thumbnail@2x":["https:\/\/poussieredecomete.fr\/wp-content\/uploads\/2023\/11\/Islande-0782-1200x800.jpg",1200,800,true],"portfolio_item-masonry":["https:\/\/poussieredecomete.fr\/wp-content\/uploads\/2023\/11\/Islande-0782-scaled-600x400.jpg",600,400,true],"portfolio_item-thumbnail_wide":["https:\/\/poussieredecomete.fr\/wp-content\/uploads\/2023\/11\/Islande-0782-scaled.jpg",900,600,false],"portfolio_item-thumbnail_wide_cinema":["https:\/\/poussieredecomete.fr\/wp-content\/uploads\/2023\/11\/Islande-0782-scaled.jpg",1125,750,false],"portfolio_item-thumbnail_cinema":["https:\/\/poussieredecomete.fr\/wp-content\/uploads\/2023\/11\/Islande-0782-scaled-800x335.jpg",800,335,true],"portfolio_item-thumbnail_portrait":["https:\/\/poussieredecomete.fr\/wp-content\/uploads\/2023\/11\/Islande-0782-scaled-600x900.jpg",600,900,true],"portfolio_item-thumbnail_square":["https:\/\/poussieredecomete.fr\/wp-content\/uploads\/2023\/11\/Islande-0782-scaled-800x800.jpg",800,800,true],"portfolio_item-masonry@2x":["https:\/\/poussieredecomete.fr\/wp-content\/uploads\/2023\/11\/Islande-0782-scaled-1200x800.jpg",1200,800,true],"portfolio_item-thumbnail_portrait@2x":["https:\/\/poussieredecomete.fr\/wp-content\/uploads\/2023\/11\/Islande-0782-scaled-1200x1707.jpg",1200,1707,true]},"_links":{"self":[{"href":"https:\/\/poussieredecomete.fr\/index.php?rest_route=\/wp\/v2\/pages\/136","targetHints":{"allow":["GET"]}}],"collection":[{"href":"https:\/\/poussieredecomete.fr\/index.php?rest_route=\/wp\/v2\/pages"}],"about":[{"href":"https:\/\/poussieredecomete.fr\/index.php?rest_route=\/wp\/v2\/types\/page"}],"author":[{"embeddable":true,"href":"https:\/\/poussieredecomete.fr\/index.php?rest_route=\/wp\/v2\/users\/1"}],"replies":[{"embeddable":true,"href":"https:\/\/poussieredecomete.fr\/index.php?rest_route=%2Fwp%2Fv2%2Fcomments&post=136"}],"version-history":[{"count":11,"href":"https:\/\/poussieredecomete.fr\/index.php?rest_route=\/wp\/v2\/pages\/136\/revisions"}],"predecessor-version":[{"id":660,"href":"https:\/\/poussieredecomete.fr\/index.php?rest_route=\/wp\/v2\/pages\/136\/revisions\/660"}],"wp:featuredmedia":[{"embeddable":true,"href":"https:\/\/poussieredecomete.fr\/index.php?rest_route=\/wp\/v2\/media\/161"}],"wp:attachment":[{"href":"https:\/\/poussieredecomete.fr\/index.php?rest_route=%2Fwp%2Fv2%2Fmedia&parent=136"}],"curies":[{"name":"wp","href":"https:\/\/api.w.org\/{rel}","templated":true}]}}